{"id":969,"date":"2026-04-22T07:29:20","date_gmt":"2026-04-22T05:29:20","guid":{"rendered":"https:\/\/glokiemimieczem.pl\/?post_type=product&#038;p=969"},"modified":"2026-04-22T07:44:33","modified_gmt":"2026-04-22T05:44:33","slug":"pakiet-klasyk","status":"publish","type":"product","link":"https:\/\/glokiemimieczem.pl\/en\/product\/pakiet-klasyk\/","title":{"rendered":"Pakiet Klasyk"},"content":{"rendered":"<div style=\"background-color: #f9f9f9; border-radius: 8px; padding: 15px; border: 1px solid #ddd; margin-top: 20px; font-family: Arial, sans-serif;\">\n<h3 style=\"text-align: center; color: #333; margin-top: 0;\">Szybka \u015bci\u0105ga pakiet\u00f3w:<\/h3>\n<div style=\"margin-bottom: 15px; border-bottom: 1px solid #eee; padding-bottom: 10px;\"><strong style=\"color: #b58130; font-size: 16px;\">DLA 1 OSOBY:<\/strong><br \/>\n\u2022 <strong>Klasyk:<\/strong> 30 strza\u0142\u00f3w (3&#215;10)<br \/>\n\u2022 <strong>Klasyk Plus:<\/strong> 60 strza\u0142\u00f3w (3&#215;20)<br \/>\n\u2022 <strong>Klasyk Pro Max:<\/strong> 90 strza\u0142\u00f3w (3&#215;30)<\/div>\n<div style=\"margin-bottom: 15px;\"><strong style=\"color: #b58130; font-size: 16px;\">DLA 2 OS\u00d3B:<\/strong> 60 strza\u0142\u00f3w (po 30 na osob\u0119)<br \/>\n<span style=\"font-size: 12px; color: #666;\">(Zestaw: 10x Beryl, 10x AR15, 10x Glock dla ka\u017cdego)<\/span><\/div>\n<div><strong style=\"color: #b58130; font-size: 16px;\">DLA 3 OS\u00d3B:<\/strong> 90 strza\u0142\u00f3w (po 30 na osob\u0119)<br \/>\n<span style=\"font-size: 12px; color: #666;\">(Zestaw: 10x Beryl, 10x AR15, 10x Glock dla ka\u017cdego)<\/span><\/div>\n<\/div>","protected":false},"excerpt":{"rendered":"<div style=\"font-size: 11px; line-height: 1.4; color: #777;\">Voucher jest wa\u017cny 12 m-cy od daty zakupu.<br \/>\nForma vouchera:<br \/>\nCYFROWY \u2013 natychmiastowa wysy\u0142ka w formie PDF na e-mail.<br \/>\nFIZYCZNY \u2013 3\/5 dni roboczych \u2013 InPost<\/div>","protected":false},"featured_media":35,"comment_status":"closed","ping_status":"closed","template":"","meta":{"site-sidebar-layout":"default","site-content-layout":"","ast-site-content-layout":"default","site-content-style":"default","site-sidebar-style":"default","ast-global-header-display":"","ast-banner-title-visibility":"","ast-main-header-display":"","ast-hfb-above-header-display":"","ast-hfb-below-header-display":"","ast-hfb-mobile-header-display":"","site-post-title":"","ast-breadcrumbs-content":"","ast-featured-img":"","footer-sml-layout":"","ast-disable-related-posts":"","theme-transparent-header-meta":"default","adv-header-id-meta":"","stick-header-meta":"","header-above-stick-meta":"","header-main-stick-meta":"","header-below-stick-meta":"","astra-migrate-meta-layouts":"set","ast-page-background-enabled":"default","ast-page-background-meta":{"desktop":{"background-color":"var(--ast-global-color-5)","background-image":"","background-repeat":"repeat","background-position":"center center","background-size":"auto","background-attachment":"scroll","background-type":"","background-media":"","overlay-type":"","overlay-color":"","overlay-opacity":"","overlay-gradient":""},"tablet":{"background-color":"","background-image":"","background-repeat":"repeat","background-position":"center center","background-size":"auto","background-attachment":"scroll","background-type":"","background-media":"","overlay-type":"","overlay-color":"","overlay-opacity":"","overlay-gradient":""},"mobile":{"background-color":"","background-image":"","background-repeat":"repeat","background-position":"center center","background-size":"auto","background-attachment":"scroll","background-type":"","background-media":"","overlay-type":"","overlay-color":"","overlay-opacity":"","overlay-gradient":""}},"ast-content-background-meta":{"desktop":{"background-color":"var(--ast-global-color-4)","background-image":"","background-repeat":"repeat","background-position":"center center","background-size":"auto","background-attachment":"scroll","background-type":"","background-media":"","overlay-type":"","overlay-color":"","overlay-opacity":"","overlay-gradient":""},"tablet":{"background-color":"var(--ast-global-color-4)","background-image":"","background-repeat":"repeat","background-position":"center center","background-size":"auto","background-attachment":"scroll","background-type":"","background-media":"","overlay-type":"","overlay-color":"","overlay-opacity":"","overlay-gradient":""},"mobile":{"background-color":"var(--ast-global-color-4)","background-image":"","background-repeat":"repeat","background-position":"center center","background-size":"auto","background-attachment":"scroll","background-type":"","background-media":"","overlay-type":"","overlay-color":"","overlay-opacity":"","overlay-gradient":""}}},"product_brand":[],"product_cat":[39],"product_tag":[],"class_list":{"0":"post-969","1":"product","2":"type-product","3":"status-publish","4":"has-post-thumbnail","6":"product_cat-vouchery-podarunkowe","7":"desktop-align-left","8":"tablet-align-left","9":"mobile-align-left","11":"first","12":"instock","13":"shipping-taxable","14":"purchasable","15":"product-type-variable","16":"has-default-attributes"},"_links":{"self":[{"href":"https:\/\/glokiemimieczem.pl\/en\/wp-json\/wp\/v2\/product\/969","targetHints":{"allow":["GET"]}}],"collection":[{"href":"https:\/\/glokiemimieczem.pl\/en\/wp-json\/wp\/v2\/product"}],"about":[{"href":"https:\/\/glokiemimieczem.pl\/en\/wp-json\/wp\/v2\/types\/product"}],"replies":[{"embeddable":true,"href":"https:\/\/glokiemimieczem.pl\/en\/wp-json\/wp\/v2\/comments?post=969"}],"wp:featuredmedia":[{"embeddable":true,"href":"https:\/\/glokiemimieczem.pl\/en\/wp-json\/wp\/v2\/media\/35"}],"wp:attachment":[{"href":"https:\/\/glokiemimieczem.pl\/en\/wp-json\/wp\/v2\/media?parent=969"}],"wp:term":[{"taxonomy":"product_brand","embeddable":true,"href":"https:\/\/glokiemimieczem.pl\/en\/wp-json\/wp\/v2\/product_brand?post=969"},{"taxonomy":"product_cat","embeddable":true,"href":"https:\/\/glokiemimieczem.pl\/en\/wp-json\/wp\/v2\/product_cat?post=969"},{"taxonomy":"product_tag","embeddable":true,"href":"https:\/\/glokiemimieczem.pl\/en\/wp-json\/wp\/v2\/product_tag?post=969"}],"curies":[{"name":"wp","href":"https:\/\/api.w.org\/{rel}","templated":true}]}}