{"id":686,"date":"2026-04-14T06:54:47","date_gmt":"2026-04-14T04:54:47","guid":{"rendered":"https:\/\/glokiemimieczem.pl\/?post_type=product&#038;p=686"},"modified":"2026-04-16T21:36:41","modified_gmt":"2026-04-16T19:36:41","slug":"sila-w-twoich-rekach-warsztat-strzelecki-dla-kobiet","status":"publish","type":"product","link":"https:\/\/glokiemimieczem.pl\/en\/product\/sila-w-twoich-rekach-warsztat-strzelecki-dla-kobiet\/","title":{"rendered":"Si\u0142a w Twoich R\u0119kach &#8211; Warsztat Strzelecki dla Kobiet"},"content":{"rendered":"<h3 dir=\"ltr\">FUNDAMENTY STRZELECTWA: SPECJALISTYCZNY WARSZTAT DLA KOBIET (2H)<\/h3>\n<p dir=\"ltr\">\u200bTo szkolenie to idealny wyb\u00f3r dla kobiet, kt\u00f3re chc\u0105 w komfortowej atmosferze i pod okiem do\u015bwiadczonej instruktorki pozna\u0107 \u015bwiat broni palnej. W ci\u0105gu 2 godzin przejdziesz drog\u0119 od absolutnych podstaw bezpiecze\u0144stwa do samodzielnego i celnego oddawania strza\u0142\u00f3w z r\u00f3\u017cnych rodzaj\u00f3w broni.<\/p>\n<p dir=\"ltr\"><strong>\u200bSZKOLENIE ZAWIERA:<\/strong><br \/>\n\u200bzasady bezpiecze\u0144stwa (BLOS)<br \/>\n\u200bpostawy strzeleckie i chwyt broni dopasowany do kobiecej anatomii<br \/>\n\u200bobs\u0142uga broni kr\u00f3tkiej oraz d\u0142ugiej<br \/>\n\u200bpodstawy celnego strzelania i praca na j\u0119zyku spustowym<br \/>\n\u200bwszystkie niezb\u0119dne akcesoria (ochronniki s\u0142uchu, okulary)<br \/>\n\u200b50 szt. amunicji (pistoletowa i karabinowa)<\/p>","protected":false},"excerpt":{"rendered":"<p>Voucher jest wa\u017cny 12 m-cy od daty zakupu.<br \/>\nForma vouchera:<br \/>\nCYFROWY &#8211; natychmiastowa wysy\u0142a w formie PDF na e-mail.<br \/>\nFIZYCZNY &#8211; 3\/5 dni roboczych &#8211; In Post<\/p>","protected":false},"featured_media":577,"comment_status":"closed","ping_status":"closed","template":"","meta":{"site-sidebar-layout":"default","site-content-layout":"","ast-site-content-layout":"default","site-content-style":"default","site-sidebar-style":"default","ast-global-header-display":"","ast-banner-title-visibility":"","ast-main-header-display":"","ast-hfb-above-header-display":"","ast-hfb-below-header-display":"","ast-hfb-mobile-header-display":"","site-post-title":"","ast-breadcrumbs-content":"","ast-featured-img":"","footer-sml-layout":"","ast-disable-related-posts":"","theme-transparent-header-meta":"default","adv-header-id-meta":"","stick-header-meta":"","header-above-stick-meta":"","header-main-stick-meta":"","header-below-stick-meta":"","astra-migrate-meta-layouts":"set","ast-page-background-enabled":"default","ast-page-background-meta":{"desktop":{"background-color":"var(--ast-global-color-5)","background-image":"","background-repeat":"repeat","background-position":"center center","background-size":"auto","background-attachment":"scroll","background-type":"","background-media":"","overlay-type":"","overlay-color":"","overlay-opacity":"","overlay-gradient":""},"tablet":{"background-color":"","background-image":"","background-repeat":"repeat","background-position":"center center","background-size":"auto","background-attachment":"scroll","background-type":"","background-media":"","overlay-type":"","overlay-color":"","overlay-opacity":"","overlay-gradient":""},"mobile":{"background-color":"","background-image":"","background-repeat":"repeat","background-position":"center center","background-size":"auto","background-attachment":"scroll","background-type":"","background-media":"","overlay-type":"","overlay-color":"","overlay-opacity":"","overlay-gradient":""}},"ast-content-background-meta":{"desktop":{"background-color":"var(--ast-global-color-4)","background-image":"","background-repeat":"repeat","background-position":"center center","background-size":"auto","background-attachment":"scroll","background-type":"","background-media":"","overlay-type":"","overlay-color":"","overlay-opacity":"","overlay-gradient":""},"tablet":{"background-color":"var(--ast-global-color-4)","background-image":"","background-repeat":"repeat","background-position":"center center","background-size":"auto","background-attachment":"scroll","background-type":"","background-media":"","overlay-type":"","overlay-color":"","overlay-opacity":"","overlay-gradient":""},"mobile":{"background-color":"var(--ast-global-color-4)","background-image":"","background-repeat":"repeat","background-position":"center center","background-size":"auto","background-attachment":"scroll","background-type":"","background-media":"","overlay-type":"","overlay-color":"","overlay-opacity":"","overlay-gradient":""}}},"product_brand":[],"product_cat":[39],"product_tag":[],"class_list":{"0":"post-686","1":"product","2":"type-product","3":"status-publish","4":"has-post-thumbnail","6":"product_cat-vouchery-podarunkowe","7":"desktop-align-left","8":"tablet-align-left","9":"mobile-align-left","11":"first","12":"instock","13":"shipping-taxable","14":"purchasable","15":"product-type-variable","16":"has-default-attributes"},"_links":{"self":[{"href":"https:\/\/glokiemimieczem.pl\/en\/wp-json\/wp\/v2\/product\/686","targetHints":{"allow":["GET"]}}],"collection":[{"href":"https:\/\/glokiemimieczem.pl\/en\/wp-json\/wp\/v2\/product"}],"about":[{"href":"https:\/\/glokiemimieczem.pl\/en\/wp-json\/wp\/v2\/types\/product"}],"replies":[{"embeddable":true,"href":"https:\/\/glokiemimieczem.pl\/en\/wp-json\/wp\/v2\/comments?post=686"}],"wp:featuredmedia":[{"embeddable":true,"href":"https:\/\/glokiemimieczem.pl\/en\/wp-json\/wp\/v2\/media\/577"}],"wp:attachment":[{"href":"https:\/\/glokiemimieczem.pl\/en\/wp-json\/wp\/v2\/media?parent=686"}],"wp:term":[{"taxonomy":"product_brand","embeddable":true,"href":"https:\/\/glokiemimieczem.pl\/en\/wp-json\/wp\/v2\/product_brand?post=686"},{"taxonomy":"product_cat","embeddable":true,"href":"https:\/\/glokiemimieczem.pl\/en\/wp-json\/wp\/v2\/product_cat?post=686"},{"taxonomy":"product_tag","embeddable":true,"href":"https:\/\/glokiemimieczem.pl\/en\/wp-json\/wp\/v2\/product_tag?post=686"}],"curies":[{"name":"wp","href":"https:\/\/api.w.org\/{rel}","templated":true}]}}