{"id":683,"date":"2026-04-14T06:45:13","date_gmt":"2026-04-14T04:45:13","guid":{"rendered":"https:\/\/glokiemimieczem.pl\/?post_type=product&#038;p=683"},"modified":"2026-04-20T19:20:06","modified_gmt":"2026-04-20T17:20:06","slug":"fundamenty-strzelectwa-bojowego","status":"publish","type":"product","link":"https:\/\/glokiemimieczem.pl\/en\/product\/fundamenty-strzelectwa-bojowego\/","title":{"rendered":"Fundamenty Strzelectwa Bojowego"},"content":{"rendered":"<h3>Szkolenie dedykowane dla os\u00f3b z do\u015bwiadczeniem i pocz\u0105tkuj\u0105cych. Zawiera obslug\u0119 podstawowych pistolet\u00f3w i karabink\u00f3w centralnego zap\u0142onu.<\/h3>\n<p>&nbsp;<\/p>\n<p>To szkolenie to wej\u015bcie na wy\u017cszy poziom \u2013 w ci\u0105gu 3 godzin po\u0142\u0105czysz obs\u0142ug\u0119 broni kr\u00f3tkiej i d\u0142ugiej w jeden skuteczny system. Nie tylko nauczysz si\u0119 celnie strzela\u0107 z obu typ\u00f3w broni, ale zrozumiesz, jak p\u0142ynnie nimi operowa\u0107 w dynamice. Idealne dla os\u00f3b, kt\u00f3re chc\u0105 poczu\u0107 adrenalin\u0119 i zdoby\u0107 wszechstronne umiej\u0119tno\u015bci \u201eoperatora\u201d, a nie tylko statycznego strzelca.<\/p>\n<p><strong>SZKOLENIE ZAWIERA:<\/strong><br \/>\n\u2013\u00a0zasady bezpiecze\u0144stwa pracy z broni\u0105 (BLOS)<br \/>\n\u2013\u00a0obs\u0142uga manualna pistoletu i karabinka (Glock\/AR15\/AK)<br \/>\n\u2013\u00a0zgrywanie przyrz\u0105d\u00f3w i praca na spu\u015bcie w obu platformach<br \/>\n\u2013 postawy strzeleckie (stoj\u0105ca, kl\u0119cz\u0105ca) i gotowo\u015b\u0107 do strza\u0142u<br \/>\n\u2013 usuwanie awarii i taktyczna wymiana magazynka<br \/>\n\u2013\u00a0100 szt. amunicji (50x 9mm, 50x .223rem\/7.62\u00d739)<\/p>","protected":false},"excerpt":{"rendered":"<p>Voucher jest wa\u017cny 12 m-cy od daty zakupu.<br \/>\nForma vouchera:<br \/>\nCYFROWY &#8211; natychmiastowa wysy\u0142a w formie PDF na e-mail.<br \/>\nFIZYCZNY &#8211; 3\/5 dni roboczych &#8211; In Post<\/p>","protected":false},"featured_media":105,"comment_status":"closed","ping_status":"closed","template":"","meta":{"site-sidebar-layout":"default","site-content-layout":"","ast-site-content-layout":"default","site-content-style":"default","site-sidebar-style":"default","ast-global-header-display":"","ast-banner-title-visibility":"","ast-main-header-display":"","ast-hfb-above-header-display":"","ast-hfb-below-header-display":"","ast-hfb-mobile-header-display":"","site-post-title":"","ast-breadcrumbs-content":"","ast-featured-img":"","footer-sml-layout":"","ast-disable-related-posts":"","theme-transparent-header-meta":"default","adv-header-id-meta":"","stick-header-meta":"","header-above-stick-meta":"","header-main-stick-meta":"","header-below-stick-meta":"","astra-migrate-meta-layouts":"set","ast-page-background-enabled":"default","ast-page-background-meta":{"desktop":{"background-color":"var(--ast-global-color-5)","background-image":"","background-repeat":"repeat","background-position":"center center","background-size":"auto","background-attachment":"scroll","background-type":"","background-media":"","overlay-type":"","overlay-color":"","overlay-opacity":"","overlay-gradient":""},"tablet":{"background-color":"","background-image":"","background-repeat":"repeat","background-position":"center center","background-size":"auto","background-attachment":"scroll","background-type":"","background-media":"","overlay-type":"","overlay-color":"","overlay-opacity":"","overlay-gradient":""},"mobile":{"background-color":"","background-image":"","background-repeat":"repeat","background-position":"center center","background-size":"auto","background-attachment":"scroll","background-type":"","background-media":"","overlay-type":"","overlay-color":"","overlay-opacity":"","overlay-gradient":""}},"ast-content-background-meta":{"desktop":{"background-color":"var(--ast-global-color-4)","background-image":"","background-repeat":"repeat","background-position":"center center","background-size":"auto","background-attachment":"scroll","background-type":"","background-media":"","overlay-type":"","overlay-color":"","overlay-opacity":"","overlay-gradient":""},"tablet":{"background-color":"var(--ast-global-color-4)","background-image":"","background-repeat":"repeat","background-position":"center center","background-size":"auto","background-attachment":"scroll","background-type":"","background-media":"","overlay-type":"","overlay-color":"","overlay-opacity":"","overlay-gradient":""},"mobile":{"background-color":"var(--ast-global-color-4)","background-image":"","background-repeat":"repeat","background-position":"center center","background-size":"auto","background-attachment":"scroll","background-type":"","background-media":"","overlay-type":"","overlay-color":"","overlay-opacity":"","overlay-gradient":""}}},"product_brand":[],"product_cat":[39],"product_tag":[],"class_list":{"0":"post-683","1":"product","2":"type-product","3":"status-publish","4":"has-post-thumbnail","6":"product_cat-vouchery-podarunkowe","7":"desktop-align-left","8":"tablet-align-left","9":"mobile-align-left","11":"first","12":"instock","13":"shipping-taxable","14":"purchasable","15":"product-type-variable","16":"has-default-attributes"},"_links":{"self":[{"href":"https:\/\/glokiemimieczem.pl\/en\/wp-json\/wp\/v2\/product\/683","targetHints":{"allow":["GET"]}}],"collection":[{"href":"https:\/\/glokiemimieczem.pl\/en\/wp-json\/wp\/v2\/product"}],"about":[{"href":"https:\/\/glokiemimieczem.pl\/en\/wp-json\/wp\/v2\/types\/product"}],"replies":[{"embeddable":true,"href":"https:\/\/glokiemimieczem.pl\/en\/wp-json\/wp\/v2\/comments?post=683"}],"wp:featuredmedia":[{"embeddable":true,"href":"https:\/\/glokiemimieczem.pl\/en\/wp-json\/wp\/v2\/media\/105"}],"wp:attachment":[{"href":"https:\/\/glokiemimieczem.pl\/en\/wp-json\/wp\/v2\/media?parent=683"}],"wp:term":[{"taxonomy":"product_brand","embeddable":true,"href":"https:\/\/glokiemimieczem.pl\/en\/wp-json\/wp\/v2\/product_brand?post=683"},{"taxonomy":"product_cat","embeddable":true,"href":"https:\/\/glokiemimieczem.pl\/en\/wp-json\/wp\/v2\/product_cat?post=683"},{"taxonomy":"product_tag","embeddable":true,"href":"https:\/\/glokiemimieczem.pl\/en\/wp-json\/wp\/v2\/product_tag?post=683"}],"curies":[{"name":"wp","href":"https:\/\/api.w.org\/{rel}","templated":true}]}}