{"id":667,"date":"2026-04-13T21:29:16","date_gmt":"2026-04-13T19:29:16","guid":{"rendered":"https:\/\/glokiemimieczem.pl\/?post_type=product&#038;p=667"},"modified":"2026-04-20T19:21:59","modified_gmt":"2026-04-20T17:21:59","slug":"kurs-bron-krotka","status":"publish","type":"product","link":"https:\/\/glokiemimieczem.pl\/en\/product\/kurs-bron-krotka\/","title":{"rendered":"Certyfikowany Kurs Podstaw Obs\u0142ugi Broni Kr\u00f3tkiej"},"content":{"rendered":"<h3>FUNDAMENTY PISTOLETU: Kompleksowy Kurs Obs\u0142ugi i Bezpiecze\u0144stwa (3h) \u200b<\/h3>\n<p>&nbsp;<\/p>\n<p dir=\"ltr\">\u200bTo szkolenie to &#8222;strzeleckie ABC&#8221; \u2013 w ci\u0105gu 3 godzin przejdziesz drog\u0119 od teorii i zasad bezpiecze\u0144stwa, przez budow\u0119 amunicji, a\u017c po samodzielne strzelanie i konserwacj\u0119 broni. Idealne dla os\u00f3b, kt\u00f3re chc\u0105 zrozumie\u0107 bro\u0144, a nie tylko z niej strzela\u0107. (750z\u0142)<\/p>\n<div dir=\"ltr\">\u200b<b>SZKOLENIE ZAWIERA;<\/b><br \/>\n\u2013 zasady bezpiecze\u0144stwa<br \/>\n\u2013 budowa amunicji i broni<br \/>\n\u2013 obs\u0142uga broni (podstawowych pistolet\u00f3w kurkowych i bezkurkowych).<br \/>\n\u2013 podstawowy celnego strzelania<br \/>\n\u2013 konserwacja i czyszczenie broni<br \/>\n\u2013 100szt. amunicji pistoletowej (kal. 22lr, 9 PARA, 45 ACP)<\/div>\n<div dir=\"ltr\"><strong>Na zako\u0144czenie,\u00a0\u00a0uczestnik otrzymuje potwierdzenie uczestnictwa w szkoleniu.<\/strong><\/div>","protected":false},"excerpt":{"rendered":"<p>Voucher jest wa\u017cny 12 m-cy od daty zakupu.<br \/>\nForma vouchera:<br \/>\nCYFROWY &#8211; natychmiastowa wysy\u0142a w formie PDF na e-mail.<br \/>\nFIZYCZNY &#8211; 3\/5 dni roboczych &#8211; In Post<\/p>","protected":false},"featured_media":77,"comment_status":"closed","ping_status":"closed","template":"","meta":{"site-sidebar-layout":"default","site-content-layout":"","ast-site-content-layout":"default","site-content-style":"default","site-sidebar-style":"default","ast-global-header-display":"","ast-banner-title-visibility":"","ast-main-header-display":"","ast-hfb-above-header-display":"","ast-hfb-below-header-display":"","ast-hfb-mobile-header-display":"","site-post-title":"","ast-breadcrumbs-content":"","ast-featured-img":"","footer-sml-layout":"","ast-disable-related-posts":"","theme-transparent-header-meta":"default","adv-header-id-meta":"","stick-header-meta":"","header-above-stick-meta":"","header-main-stick-meta":"","header-below-stick-meta":"","astra-migrate-meta-layouts":"set","ast-page-background-enabled":"default","ast-page-background-meta":{"desktop":{"background-color":"var(--ast-global-color-5)","background-image":"","background-repeat":"repeat","background-position":"center center","background-size":"auto","background-attachment":"scroll","background-type":"","background-media":"","overlay-type":"","overlay-color":"","overlay-opacity":"","overlay-gradient":""},"tablet":{"background-color":"","background-image":"","background-repeat":"repeat","background-position":"center center","background-size":"auto","background-attachment":"scroll","background-type":"","background-media":"","overlay-type":"","overlay-color":"","overlay-opacity":"","overlay-gradient":""},"mobile":{"background-color":"","background-image":"","background-repeat":"repeat","background-position":"center center","background-size":"auto","background-attachment":"scroll","background-type":"","background-media":"","overlay-type":"","overlay-color":"","overlay-opacity":"","overlay-gradient":""}},"ast-content-background-meta":{"desktop":{"background-color":"var(--ast-global-color-4)","background-image":"","background-repeat":"repeat","background-position":"center center","background-size":"auto","background-attachment":"scroll","background-type":"","background-media":"","overlay-type":"","overlay-color":"","overlay-opacity":"","overlay-gradient":""},"tablet":{"background-color":"var(--ast-global-color-4)","background-image":"","background-repeat":"repeat","background-position":"center center","background-size":"auto","background-attachment":"scroll","background-type":"","background-media":"","overlay-type":"","overlay-color":"","overlay-opacity":"","overlay-gradient":""},"mobile":{"background-color":"var(--ast-global-color-4)","background-image":"","background-repeat":"repeat","background-position":"center center","background-size":"auto","background-attachment":"scroll","background-type":"","background-media":"","overlay-type":"","overlay-color":"","overlay-opacity":"","overlay-gradient":""}}},"product_brand":[],"product_cat":[39],"product_tag":[],"class_list":{"0":"post-667","1":"product","2":"type-product","3":"status-publish","4":"has-post-thumbnail","6":"product_cat-vouchery-podarunkowe","7":"desktop-align-left","8":"tablet-align-left","9":"mobile-align-left","11":"first","12":"instock","13":"shipping-taxable","14":"purchasable","15":"product-type-variable","16":"has-default-attributes"},"_links":{"self":[{"href":"https:\/\/glokiemimieczem.pl\/en\/wp-json\/wp\/v2\/product\/667","targetHints":{"allow":["GET"]}}],"collection":[{"href":"https:\/\/glokiemimieczem.pl\/en\/wp-json\/wp\/v2\/product"}],"about":[{"href":"https:\/\/glokiemimieczem.pl\/en\/wp-json\/wp\/v2\/types\/product"}],"replies":[{"embeddable":true,"href":"https:\/\/glokiemimieczem.pl\/en\/wp-json\/wp\/v2\/comments?post=667"}],"wp:featuredmedia":[{"embeddable":true,"href":"https:\/\/glokiemimieczem.pl\/en\/wp-json\/wp\/v2\/media\/77"}],"wp:attachment":[{"href":"https:\/\/glokiemimieczem.pl\/en\/wp-json\/wp\/v2\/media?parent=667"}],"wp:term":[{"taxonomy":"product_brand","embeddable":true,"href":"https:\/\/glokiemimieczem.pl\/en\/wp-json\/wp\/v2\/product_brand?post=667"},{"taxonomy":"product_cat","embeddable":true,"href":"https:\/\/glokiemimieczem.pl\/en\/wp-json\/wp\/v2\/product_cat?post=667"},{"taxonomy":"product_tag","embeddable":true,"href":"https:\/\/glokiemimieczem.pl\/en\/wp-json\/wp\/v2\/product_tag?post=667"}],"curies":[{"name":"wp","href":"https:\/\/api.w.org\/{rel}","templated":true}]}}