{"id":581,"date":"2026-04-11T22:04:04","date_gmt":"2026-04-11T20:04:04","guid":{"rendered":"https:\/\/glokiemimieczem.pl\/?post_type=product&#038;p=581"},"modified":"2026-04-20T19:24:31","modified_gmt":"2026-04-20T17:24:31","slug":"voucher-podarunkowy-pakiet-klasy","status":"publish","type":"product","link":"https:\/\/glokiemimieczem.pl\/en\/product\/voucher-podarunkowy-pakiet-klasy\/","title":{"rendered":"Pakiet Klasyk"},"content":{"rendered":"<p>&nbsp;<\/p>\n<table style=\"width: 100%; border-collapse: collapse; border: 1px solid #ddd;\">\n<thead>\n<tr style=\"background-color: #f2f2f2;\">\n<th style=\"padding: 10px; border: 1px solid #ddd;\">Wielko\u015b\u0107 Pakietu<\/th>\n<th style=\"padding: 10px; border: 1px solid #ddd;\">1 osoba (strza\u0142y)<\/th>\n<th style=\"padding: 10px; border: 1px solid #ddd;\">2 osoby (strza\u0142y)<\/th>\n<th style=\"padding: 10px; border: 1px solid #ddd;\">3 osoby (strza\u0142y)<\/th>\n<\/tr>\n<\/thead>\n<tbody>\n<tr>\n<td style=\"padding: 10px; border: 1px solid #ddd;\"><strong>PODSTAWOWY<\/strong><\/td>\n<td style=\"padding: 10px; border: 1px solid #ddd;\"><strong>30 strza\u0142\u00f3w<\/strong><br \/>\n<small>(3 x 10)<\/small><\/td>\n<td style=\"padding: 10px; border: 1px solid #ddd;\"><strong>60 strza\u0142\u00f3w<\/strong><br \/>\n<small>Osoba I: 30 (3&#215;10)<br \/>\nOsoba II: 30 (3&#215;10)<\/small><\/td>\n<td style=\"padding: 10px; border: 1px solid #ddd;\"><strong>90 strza\u0142\u00f3w<\/strong><br \/>\n<small>Osoba I: 30 (3&#215;10)<br \/>\nOsoba II: 30 (3&#215;10)<br \/>\nOsoba III: 30 (3&#215;10)<\/small><\/td>\n<\/tr>\n<tr>\n<td style=\"padding: 10px; border: 1px solid #ddd; background-color: #fafafa;\"><strong>PLUS<\/strong><\/td>\n<td style=\"padding: 10px; border: 1px solid #ddd; background-color: #fafafa;\"><strong>60 strza\u0142\u00f3w<\/strong><br \/>\n<small>(3 x 20)<\/small><\/td>\n<td style=\"padding: 10px; border: 1px solid #ddd; background-color: #fafafa; color: #999; text-align: center;\">&#8211;<\/td>\n<td style=\"padding: 10px; border: 1px solid #ddd; background-color: #fafafa; color: #999; text-align: center;\">&#8211;<\/td>\n<\/tr>\n<tr>\n<td style=\"padding: 10px; border: 1px solid #ddd;\"><strong>PRO MAX<\/strong><\/td>\n<td style=\"padding: 10px; border: 1px solid #ddd;\"><strong>90 strza\u0142\u00f3w<\/strong><br \/>\n<small>(3 x 30)<\/small><\/td>\n<td style=\"padding: 10px; border: 1px solid #ddd; color: #999; text-align: center;\">&#8211;<\/td>\n<td style=\"padding: 10px; border: 1px solid #ddd; color: #999; text-align: center;\">&#8211;<\/td>\n<\/tr>\n<\/tbody>\n<\/table>\n<p><em>* Ka\u017cde 30 strza\u0142\u00f3w to zestaw: 10x Beryl, 10x AR15 oraz 10x Glock 17.<\/em><\/p>","protected":false},"excerpt":{"rendered":"<p>Voucher jest wa\u017cny 12 m-cy od daty zakupu.<br \/>\nForma vouchera:<br \/>\nCYFROWY &#8211; natychmiastowa wysy\u0142a w formie PDF na e-mail.<br \/>\nFIZYCZNY &#8211; 3\/5 dni roboczych &#8211; In Post<\/p>","protected":false},"featured_media":40,"comment_status":"closed","ping_status":"closed","template":"","meta":{"site-sidebar-layout":"default","site-content-layout":"","ast-site-content-layout":"default","site-content-style":"default","site-sidebar-style":"default","ast-global-header-display":"","ast-banner-title-visibility":"","ast-main-header-display":"","ast-hfb-above-header-display":"","ast-hfb-below-header-display":"","ast-hfb-mobile-header-display":"","site-post-title":"","ast-breadcrumbs-content":"","ast-featured-img":"","footer-sml-layout":"","ast-disable-related-posts":"","theme-transparent-header-meta":"default","adv-header-id-meta":"","stick-header-meta":"","header-above-stick-meta":"","header-main-stick-meta":"","header-below-stick-meta":"","astra-migrate-meta-layouts":"set","ast-page-background-enabled":"default","ast-page-background-meta":{"desktop":{"background-color":"var(--ast-global-color-5)","background-image":"","background-repeat":"repeat","background-position":"center center","background-size":"auto","background-attachment":"scroll","background-type":"","background-media":"","overlay-type":"","overlay-color":"","overlay-opacity":"","overlay-gradient":""},"tablet":{"background-color":"","background-image":"","background-repeat":"repeat","background-position":"center center","background-size":"auto","background-attachment":"scroll","background-type":"","background-media":"","overlay-type":"","overlay-color":"","overlay-opacity":"","overlay-gradient":""},"mobile":{"background-color":"","background-image":"","background-repeat":"repeat","background-position":"center center","background-size":"auto","background-attachment":"scroll","background-type":"","background-media":"","overlay-type":"","overlay-color":"","overlay-opacity":"","overlay-gradient":""}},"ast-content-background-meta":{"desktop":{"background-color":"var(--ast-global-color-4)","background-image":"","background-repeat":"repeat","background-position":"center center","background-size":"auto","background-attachment":"scroll","background-type":"","background-media":"","overlay-type":"","overlay-color":"","overlay-opacity":"","overlay-gradient":""},"tablet":{"background-color":"var(--ast-global-color-4)","background-image":"","background-repeat":"repeat","background-position":"center center","background-size":"auto","background-attachment":"scroll","background-type":"","background-media":"","overlay-type":"","overlay-color":"","overlay-opacity":"","overlay-gradient":""},"mobile":{"background-color":"var(--ast-global-color-4)","background-image":"","background-repeat":"repeat","background-position":"center center","background-size":"auto","background-attachment":"scroll","background-type":"","background-media":"","overlay-type":"","overlay-color":"","overlay-opacity":"","overlay-gradient":""}}},"product_brand":[],"product_cat":[39],"product_tag":[],"class_list":{"0":"post-581","1":"product","2":"type-product","3":"status-publish","4":"has-post-thumbnail","6":"product_cat-vouchery-podarunkowe","7":"desktop-align-left","8":"tablet-align-left","9":"mobile-align-left","11":"first","12":"instock","13":"shipping-taxable","14":"purchasable","15":"product-type-variable","16":"has-default-attributes"},"_links":{"self":[{"href":"https:\/\/glokiemimieczem.pl\/en\/wp-json\/wp\/v2\/product\/581","targetHints":{"allow":["GET"]}}],"collection":[{"href":"https:\/\/glokiemimieczem.pl\/en\/wp-json\/wp\/v2\/product"}],"about":[{"href":"https:\/\/glokiemimieczem.pl\/en\/wp-json\/wp\/v2\/types\/product"}],"replies":[{"embeddable":true,"href":"https:\/\/glokiemimieczem.pl\/en\/wp-json\/wp\/v2\/comments?post=581"}],"wp:featuredmedia":[{"embeddable":true,"href":"https:\/\/glokiemimieczem.pl\/en\/wp-json\/wp\/v2\/media\/40"}],"wp:attachment":[{"href":"https:\/\/glokiemimieczem.pl\/en\/wp-json\/wp\/v2\/media?parent=581"}],"wp:term":[{"taxonomy":"product_brand","embeddable":true,"href":"https:\/\/glokiemimieczem.pl\/en\/wp-json\/wp\/v2\/product_brand?post=581"},{"taxonomy":"product_cat","embeddable":true,"href":"https:\/\/glokiemimieczem.pl\/en\/wp-json\/wp\/v2\/product_cat?post=581"},{"taxonomy":"product_tag","embeddable":true,"href":"https:\/\/glokiemimieczem.pl\/en\/wp-json\/wp\/v2\/product_tag?post=581"}],"curies":[{"name":"wp","href":"https:\/\/api.w.org\/{rel}","templated":true}]}}