{"id":796,"date":"2026-04-16T21:54:21","date_gmt":"2026-04-16T19:54:21","guid":{"rendered":"https:\/\/glokiemimieczem.pl\/?page_id=796"},"modified":"2026-04-17T16:27:38","modified_gmt":"2026-04-17T14:27:38","slug":"copy-of-regulamin","status":"publish","type":"page","link":"https:\/\/glokiemimieczem.pl\/en\/copy-of-regulamin\/","title":{"rendered":"Regulamin Vouchery"},"content":{"rendered":"\t\t<div data-elementor-type=\"wp-page\" data-elementor-id=\"796\" class=\"elementor elementor-796\">\n\t\t\t\t\t\t<section class=\"elementor-section elementor-top-section elementor-element elementor-element-o3upzds elementor-section-boxed elementor-section-height-default elementor-section-height-default\" data-id=\"o3upzds\" data-element_type=\"section\" data-e-type=\"section\">\n\t\t\t\t\t\t<div class=\"elementor-container elementor-column-gap-default\">\n\t\t\t\t\t<div class=\"elementor-column elementor-col-100 elementor-top-column elementor-element elementor-element-3y4ohwh\" data-id=\"3y4ohwh\" data-element_type=\"column\" data-e-type=\"column\">\n\t\t\t<div class=\"elementor-widget-wrap elementor-element-populated\">\n\t\t\t\t\t\t<div class=\"elementor-element elementor-element-c4dcsxu elementor-widget elementor-widget-heading\" data-id=\"c4dcsxu\" data-element_type=\"widget\" data-e-type=\"widget\" data-widget_type=\"heading.default\">\n\t\t\t\t\t<h1 class=\"elementor-heading-title elementor-size-default\">Regulamin Voucher\u00f3w<\/h1>\t\t\t\t<\/div>\n\t\t\t\t\t<\/div>\n\t\t<\/div>\n\t\t\t\t\t<\/div>\n\t\t<\/section>\n\t\t\t\t<section class=\"elementor-section elementor-top-section elementor-element elementor-element-yp6szof elementor-section-boxed elementor-section-height-default elementor-section-height-default\" data-id=\"yp6szof\" data-element_type=\"section\" data-e-type=\"section\">\n\t\t\t\t\t\t<div class=\"elementor-container elementor-column-gap-default\">\n\t\t\t\t\t<div class=\"elementor-column elementor-col-100 elementor-top-column elementor-element elementor-element-pm8smz7\" data-id=\"pm8smz7\" data-element_type=\"column\" data-e-type=\"column\">\n\t\t\t<div class=\"elementor-widget-wrap elementor-element-populated\">\n\t\t\t\t\t\t<div class=\"elementor-element elementor-element-3wjsywi elementor-widget elementor-widget-text-editor\" data-id=\"3wjsywi\" data-element_type=\"widget\" data-e-type=\"widget\" data-widget_type=\"text-editor.default\">\n\t\t\t\t\t\t\t\t\t<h2><br \/>\u00a0Regulamin Sprzeda\u017cy i Realizacji Voucher\u00f3w Upominkowych<\/h2><h3><br \/>\u00a71 Postanowienia og\u00f3lne<\/h3><p>1. Niniejszy regulamin okre\u015bla zasady zakupu i realizacji Voucher\u00f3w Upominkowych oferowanych przez firm\u0119 &#8222;PAWE\u0141 TU\u0141A&#8221;, ul. Onufrego Zag\u0142oby 41, 54-514 Wroc\u0142aw, NIP: 8862030842.<br \/>2. Voucher Upominkowy (dalej: Voucher) jest dokumentem potwierdzaj\u0105cym zawarcie umowy \u015bwiadczenia us\u0142ug i uprawniaj\u0105cym posiadacza do skorzystania z wybranego szkolenia lub us\u0142ugi rekreacyjnej.<\/p><h3>\u00a0\u00a72 Zakup i dostawa<\/h3><p>1. Sprzeda\u017c Voucher\u00f3w odbywa si\u0119 drog\u0105 elektroniczn\u0105 za po\u015brednictwem strony glokiemimieczem.pl.<br \/>2. Vouchery s\u0105 produktami cyfrowymi (wirtualnymi) oraz fizycznymi.<br \/>3. Spos\u00f3b dostawy: Voucher w formie pliku PDF jest przesy\u0142any automatycznie na adres e-mail wskazany przez Klienta w procesie zam\u00f3wienia, niezw\u0142ocznie po otrzymaniu potwierdzenia p\u0142atno\u015bci przez operatora p\u0142atno\u015bci (Tpay \/ Elavon).<br \/>4. Klient nie ponosi koszt\u00f3w dostawy Vouchera w formie cyfrowej.<br \/>5. Voucher w formie fizycznej wysy\u0142any jest za pomoc\u0105 przewo\u017cnika In Post do wskazanego paczkomatu (wybranego przez klienta), koszt dostawy pokrywa kupuj\u0105cy.<\/p><h3>\u00a73 Termin wa\u017cno\u015bci i realizacja<\/h3><p>1. 'Termin wa\u017cno\u015bci:&#8221; Ka\u017cdy Voucher jest wa\u017cny przez okres **12 miesi\u0119cy** od daty jego zakupu.<br \/>2. Po up\u0142ywie terminu wa\u017cno\u015bci Voucher wygasa, a niewykorzystane \u015brodki nie podlegaj\u0105 zwrotowi.<br \/>3. Realizacja Vouchera wymaga wcze\u015bniejszej rezerwacji terminu us\u0142ugi poprzez system rezerwacyjny na stronie lub kontakt telefoniczny.<\/p><h3>\u00a0\u00a74 Odst\u0105pienie od umowy i reklamacje<\/h3><p>1. Zgodnie z obowi\u0105zuj\u0105cymi przepisami, Klient b\u0119d\u0105cy Konsumentem ma prawo do odst\u0105pienia od umowy zakupu Vouchera w terminie **14 dni** od daty jego otrzymania, pod warunkiem, \u017ce Voucher nie zosta\u0142 wcze\u015bniej zrealizowany.<br \/>2. Aby odst\u0105pi\u0107 od umowy, nale\u017cy przes\u0142a\u0107 o\u015bwiadczenie na adres e-mail: [TW\u00d3J E-MAIL].<br \/>3. Reklamacje dotycz\u0105ce procesu zakupu lub problem\u00f3w z otrzymaniem pliku PDF nale\u017cy zg\u0142asza\u0107 drog\u0105 elektroniczn\u0105. Firma zobowi\u0105zuje si\u0119 do rozpatrzenia reklamacji w terminie do 14 dni roboczych.<br \/>4. W przypadku pozytywnie rozpatrzonej reklamacji lub odst\u0105pienia od umowy, zwrot \u015brodk\u00f3w nast\u0119puje przy u\u017cyciu takiego samego sposobu p\u0142atno\u015bci, jakiego u\u017cy\u0142 Klient.<\/p><h3>\u00a75 Ochrona danych osobowych<\/h3><p>1. Dane osobowe Klient\u00f3w s\u0105 przetwarzane wy\u0142\u0105cznie w celu realizacji zam\u00f3wienia i \u015bwiadczenia us\u0142ug, zgodnie z Polityk\u0105 Prywatno\u015bci dost\u0119pn\u0105 na stronie.<br \/><br \/><\/p>\t\t\t\t\t\t\t\t<\/div>\n\t\t\t\t\t<\/div>\n\t\t<\/div>\n\t\t\t\t\t<\/div>\n\t\t<\/section>\n\t\t\t\t<\/div>\n\t\t","protected":false},"excerpt":{"rendered":"<p>Regulamin Voucher\u00f3w \u00a0Regulamin Sprzeda\u017cy i Realizacji Voucher\u00f3w Upominkowych \u00a71 Postanowienia og\u00f3lne 1. Niniejszy regulamin okre\u015bla zasady zakupu i realizacji Voucher\u00f3w Upominkowych oferowanych przez firm\u0119 &#8222;PAWE\u0141 TU\u0141A&#8221;, ul. Onufrego Zag\u0142oby 41, 54-514 Wroc\u0142aw, NIP: 8862030842.2. Voucher Upominkowy (dalej: Voucher) jest dokumentem potwierdzaj\u0105cym zawarcie umowy \u015bwiadczenia us\u0142ug i uprawniaj\u0105cym posiadacza do skorzystania z wybranego szkolenia lub us\u0142ugi [&hellip;]<\/p>\n","protected":false},"author":1,"featured_media":0,"parent":0,"menu_order":0,"comment_status":"closed","ping_status":"closed","template":"elementor_header_footer","meta":{"site-sidebar-layout":"default","site-content-layout":"","ast-site-content-layout":"default","site-content-style":"default","site-sidebar-style":"default","ast-global-header-display":"","ast-banner-title-visibility":"","ast-main-header-display":"","ast-hfb-above-header-display":"","ast-hfb-below-header-display":"","ast-hfb-mobile-header-display":"","site-post-title":"","ast-breadcrumbs-content":"","ast-featured-img":"","footer-sml-layout":"","ast-disable-related-posts":"","theme-transparent-header-meta":"","adv-header-id-meta":"","stick-header-meta":"","header-above-stick-meta":"","header-main-stick-meta":"","header-below-stick-meta":"","astra-migrate-meta-layouts":"default","ast-page-background-enabled":"default","ast-page-background-meta":{"desktop":{"background-color":"var(--ast-global-color-5)","background-image":"","background-repeat":"repeat","background-position":"center center","background-size":"auto","background-attachment":"scroll","background-type":"","background-media":"","overlay-type":"","overlay-color":"","overlay-opacity":"","overlay-gradient":""},"tablet":{"background-color":"","background-image":"","background-repeat":"repeat","background-position":"center center","background-size":"auto","background-attachment":"scroll","background-type":"","background-media":"","overlay-type":"","overlay-color":"","overlay-opacity":"","overlay-gradient":""},"mobile":{"background-color":"","background-image":"","background-repeat":"repeat","background-position":"center center","background-size":"auto","background-attachment":"scroll","background-type":"","background-media":"","overlay-type":"","overlay-color":"","overlay-opacity":"","overlay-gradient":""}},"ast-content-background-meta":{"desktop":{"background-color":"var(--ast-global-color-4)","background-image":"","background-repeat":"repeat","background-position":"center center","background-size":"auto","background-attachment":"scroll","background-type":"","background-media":"","overlay-type":"","overlay-color":"","overlay-opacity":"","overlay-gradient":""},"tablet":{"background-color":"var(--ast-global-color-4)","background-image":"","background-repeat":"repeat","background-position":"center center","background-size":"auto","background-attachment":"scroll","background-type":"","background-media":"","overlay-type":"","overlay-color":"","overlay-opacity":"","overlay-gradient":""},"mobile":{"background-color":"var(--ast-global-color-4)","background-image":"","background-repeat":"repeat","background-position":"center center","background-size":"auto","background-attachment":"scroll","background-type":"","background-media":"","overlay-type":"","overlay-color":"","overlay-opacity":"","overlay-gradient":""}},"footnotes":""},"class_list":["post-796","page","type-page","status-publish","hentry"],"_links":{"self":[{"href":"https:\/\/glokiemimieczem.pl\/en\/wp-json\/wp\/v2\/pages\/796","targetHints":{"allow":["GET"]}}],"collection":[{"href":"https:\/\/glokiemimieczem.pl\/en\/wp-json\/wp\/v2\/pages"}],"about":[{"href":"https:\/\/glokiemimieczem.pl\/en\/wp-json\/wp\/v2\/types\/page"}],"author":[{"embeddable":true,"href":"https:\/\/glokiemimieczem.pl\/en\/wp-json\/wp\/v2\/users\/1"}],"replies":[{"embeddable":true,"href":"https:\/\/glokiemimieczem.pl\/en\/wp-json\/wp\/v2\/comments?post=796"}],"version-history":[{"count":4,"href":"https:\/\/glokiemimieczem.pl\/en\/wp-json\/wp\/v2\/pages\/796\/revisions"}],"predecessor-version":[{"id":814,"href":"https:\/\/glokiemimieczem.pl\/en\/wp-json\/wp\/v2\/pages\/796\/revisions\/814"}],"wp:attachment":[{"href":"https:\/\/glokiemimieczem.pl\/en\/wp-json\/wp\/v2\/media?parent=796"}],"curies":[{"name":"wp","href":"https:\/\/api.w.org\/{rel}","templated":true}]}}