{"id":148,"date":"2026-03-17T07:47:05","date_gmt":"2026-03-17T06:47:05","guid":{"rendered":"https:\/\/glokiemimieczem.pl\/polityka-prywatnosci\/"},"modified":"2026-03-19T23:13:28","modified_gmt":"2026-03-19T22:13:28","slug":"polityka-prywatnosci","status":"publish","type":"page","link":"https:\/\/glokiemimieczem.pl\/en\/polityka-prywatnosci\/","title":{"rendered":"Privacy policy"},"content":{"rendered":"<div data-elementor-type=\"wp-page\" data-elementor-id=\"148\" class=\"elementor elementor-148\">\n\t\t\t\t\t\t<section class=\"elementor-section elementor-top-section elementor-element elementor-element-9vuklt4 elementor-section-boxed elementor-section-height-default elementor-section-height-default\" data-id=\"9vuklt4\" data-element_type=\"section\" data-e-type=\"section\">\n\t\t\t\t\t\t<div class=\"elementor-container elementor-column-gap-default\">\n\t\t\t\t\t<div class=\"elementor-column elementor-col-100 elementor-top-column elementor-element elementor-element-cbe6sgy\" data-id=\"cbe6sgy\" data-element_type=\"column\" data-e-type=\"column\">\n\t\t\t<div class=\"elementor-widget-wrap elementor-element-populated\">\n\t\t\t\t\t\t<div class=\"elementor-element elementor-element-8554ko1 elementor-widget elementor-widget-heading\" data-id=\"8554ko1\" data-element_type=\"widget\" data-e-type=\"widget\" data-widget_type=\"heading.default\">\n\t\t\t\t\t<h1 class=\"elementor-heading-title elementor-size-default\">Privacy policy<\/h1>\t\t\t\t<\/div>\n\t\t\t\t\t<\/div>\n\t\t<\/div>\n\t\t\t\t\t<\/div>\n\t\t<\/section>\n\t\t\t\t<section class=\"elementor-section elementor-top-section elementor-element elementor-element-j7x4h4h elementor-section-boxed elementor-section-height-default elementor-section-height-default\" data-id=\"j7x4h4h\" data-element_type=\"section\" data-e-type=\"section\">\n\t\t\t\t\t\t<div class=\"elementor-container elementor-column-gap-default\">\n\t\t\t\t\t<div class=\"elementor-column elementor-col-100 elementor-top-column elementor-element elementor-element-el7l7s6\" data-id=\"el7l7s6\" data-element_type=\"column\" data-e-type=\"column\">\n\t\t\t<div class=\"elementor-widget-wrap elementor-element-populated\">\n\t\t\t\t\t\t<div class=\"elementor-element elementor-element-u6xa4dg elementor-widget elementor-widget-text-editor\" data-id=\"u6xa4dg\" data-element_type=\"widget\" data-e-type=\"widget\" data-widget_type=\"text-editor.default\">\n\t\t\t\t\t\t\t\t\t<p><strong>INTRODUCTION<\/strong><\/p>\n<p>&nbsp;We wish to assure you that we consider the proper protection of personal data to be one of the most important aspects of our business operations. Our aim is to provide you with ongoing and proper information regarding operations carried out by us on personal data. In this Privacy Policy, we will endeavour to present in detail all situations in which we collect information about you. We will indicate the purpose and legal basis for processing, the scope of data collected, and we will also inform you about the period for which this personal data will be processed by us. Additionally, we will attempt to indicate and discuss all rights that you have in connection with the processing of your personal data by us. Please remember that the processing of your data always takes place with respect for applicable laws, both national and those in force within the European Union (including GDPR).<\/p>\n<p><\/p>\n<p><strong>PERSONAL DATA AND THEIR PROCESSING \u2013 DEFINITIONS<\/strong><\/p>\n<p>Personal data means any information relating to an identified or identifiable natural person. Personal data will therefore include information that allows us to determine the identity of a specific person, as well as information that does not allow for their immediate identification but, with a certain expenditure of cost, time, and effort, especially when using easily accessible and publicly available sources, is sufficient to establish it. Therefore, personal data does not include individual pieces of information of a highly general nature, e.g., name, country of residence, salary amount. However, this information will constitute personal data when it is combined with other additional information that can consequently be attributed to a specific person (e.g., name, PESEL number, etc.). On the other hand, the term \"processing of personal data\" covers practically all possible operations performed on personal data, regardless of whether they are carried out automatically or not. Therefore, processing of personal data will include, among other things, collection, storage, recording, organisation, modification, consultation, use, disclosure, restriction, erasure, or destruction of data.<\/p>\n<p><\/p>\n<p><strong>Who is the administrator of your data<\/strong><\/p>\n<p>The data controller described in this Privacy Policy is Pawe\u0142 Tu\u0142a, conducting business under the name PAWE\u0141 TU\u0141A, ul. Onufrego Zag\u0142oby 41, 54-514 Wroc\u0142aw.<\/p>\n<p><\/p>\n<p><strong>HOW WE PROTECT YOUR DATA<\/strong><\/p>\n<p>In connection with our business activities, we collect and process your personal data at all times based on applicable laws, including in particular the EU General Data Protection Regulation \u2013 GDPR. We ensure transparency in the processing of your personal data, including by informing you about data processing at the time of collection, including the purpose and legal basis for processing (e.g., when making a reservation). We also emphasise that data is collected only to the extent necessary to achieve the stated purpose and processed only for the period for which it is necessary. Only persons authorised by us have access to your data, and only to the extent necessary for the tasks they perform. Additionally, we have implemented appropriate technical and organisational measures to ensure the security and confidentiality of your data. However, should a breach of your personal data protection occur despite our security measures (e.g., a data \u201eleak\u201d or loss), we will inform the relevant authorities and you in accordance with the regulations.&nbsp;<\/p>\n<p><strong>ON WHAT BASIS DO WE PROCESS YOUR DATA<\/strong><\/p>\n<p>The most common basis for us processing your personal data is the premise of fulfilling a contract or actions taken by you before entering into a contract. In other words, we process your data to the necessary extent because, for example, you have booked a service using a booking system. Occasionally, we process your personal data because it is required by applicable laws. For example, data contained in sales documents (e.g., VAT invoice) is processed by us because a legal provision requires sales to be documented in a specific way, specifies the scope of data that must be included in such a document, and defines the period for which we are obliged to store this data. There may also be situations where we process or will process your personal data based on your consent. Remember that we will always explicitly ask for your consent. This request for consent will be presented in a way that allows it to be distinguished from other matters, in an understandable and easily accessible format, using clear and simple language.&nbsp;<\/p>\n<p><\/p>\n<p><strong>&nbsp;For what purpose and under what circumstances do we share your data<\/strong><\/p>\n<p>As a general rule, we do not share your personal data with third parties who could use it for their own purposes, without your explicit consent. The exception to the above rule is sharing some of your personal data with authorised (i) state authorities (including government offices) acting on the basis of and within the scope of applicable law, and (ii) banks, which receive data from us related to financial transactions carried out. We share your personal data with third parties who perform specific services for us. Among such service providers, we can particularly distinguish: technical operators, including IT companies that manage, host, and service the technical and IT infrastructure for us. However, we wish to assure you that these service providers have been carefully selected by us and are obliged, by virtue of appropriate agreements, to use the data entrusted to them solely according to our guidelines and for a specifically defined purpose. The level of personal data protection outside the European Economic Area differs significantly from that provided by European law. For this reason, we will transfer your data outside the EEA only when necessary, and with an appropriate level of protection, primarily through: (i) cooperation with entities processing personal data in countries for which an appropriate decision of the European Commission has been issued concerning the establishment of an adequate level of personal data protection, (ii) the use of standard contractual clauses issued by the European Commission, (iii) the use of binding corporate rules approved by the competent supervisory authority, (iv) in the case of data transfer to the USA \u2013 cooperation with entities participating in the Privacy Shield programme approved by a decision of the European Commission.&nbsp;<\/p>\n<p><\/p>\n<p><strong>&nbsp;WHAT RIGHTS YOU HAVE IN RELATION TO OUR PROCESSING OF YOUR DATA<\/strong><\/p>\n<p>&nbsp;We make every effort to fulfil your GDPR rights, namely: the right to withdraw consent, the right of access to personal data, the right to rectification of data, the right to erasure of data, the right to restrict processing, the right to data portability, the right to object, and the right not to be subject to decisions based solely on automated processing.\n\nRight to withdraw consent\nYou have the right to withdraw any consent you have given us for the processing of your personal data. Withdrawal of consent takes effect from the moment of withdrawal, i.e. it does not affect processing carried out by us lawfully before its withdrawal. Withdrawal of consent should not have any consequences; however, it may prevent further use of services we provided on the basis of the given consent.\n\nRight of access to data\nYou have the right to obtain confirmation from us as to whether we are processing your personal data, and if so, you have the right to:\nobtain information about the purposes of processing, categories of personal data processed, recipients or categories of recipients of this data, the planned period of storage of your data or the criteria for determining this period, your rights under GDPR and the right to lodge a complaint with a supervisory authority, the source of this data, automated decision-making, including profiling, and the safeguards applied in connection with the transfer of this data outside the European Union;\nobtain access to your personal data. Access to data should be understood, for example, as obtaining a copy of all your personal data processed by us.\n\nRight to rectification of data\nYou have the right to have your personal data rectified and supplemented.<\/p>\n<p>&nbsp;In addition, we would like to inform you that we will endeavour to rectify any inaccuracies or errors in the personal data we process about you and to complete it if it proves to be incomplete. Right to erasure (\u201eright to be forgotten\u201d) You have the right to request that we erase all or some of your personal data, and we are obliged to do so in any of the following circumstances: your personal data is no longer necessary for the purposes for which it was collected or processed. Such purposes include, amongst others, storing data for the period during which you may make a claim against us, or for the period during which there is a legal obligation arising directly from the law regarding the storage of your data related to financial records, i.e. including invoices or receipts. As a general rule, we process your personal data for a period of 6 years from the date of collection. Only after this period may the data be deleted by us or at your request. If you believe that the purpose for processing your data no longer applies, you may request its deletion. You have withdrawn your previously given consent, to the extent that personal data was processed on the basis of that consent. In most cases, we process your personal data on the basis of the contract between us. However, if we happen to process your data on the basis of your consent, you may also request the deletion of the data you provided when giving that consent once you have withdrawn it. You have objected to the use of your personal data for marketing purposes. You may lodge an objection at any time. This is discussed in more detail under the right to object. If you have lodged an objection, you may also request the erasure of your data. Your personal data is being processed unlawfully. Compliance with data protection principles is our top priority. However, if you believe that we are processing your personal data unlawfully, you may always request the erasure of such data, specifying which provisions we have breached or how our processing of your personal data is unlawful. This will be crucial information for us, enabling us to correct any errors in the future. Right to restriction of processing You have the right to request the restriction of the processing of your personal data. If you make such a request, we will not be able to carry out any operations on your personal data, except for storing it. You may request restriction of processing in the following cases: where you contest the accuracy of your personal data \u2013 in which case we will restrict processing for the time necessary to verify the accuracy of your data. where the processing of your data is unlawful \u2013 and you request restriction of processing instead of erasure. where your personal data is no longer necessary for the purposes for which we collected or used it, but you need it to establish, exercise or defend legal claims; where you have objected to the use of your data on the basis of our legitimate interest \u2013 in which case the restriction applies for the time needed to assess whether, in view of your particular situation, the protection of your interests, rights and freedoms outweighs the interests we pursue by processing your personal data.\u00a0\u00a0 Right to data portability You have the right to receive from us the personal data you have provided to us and which we process in our IT systems, and then to transmit it to another data controller of your choice. You also have the right to request that we transmit your personal data directly to such another controller, provided this is technically feasible. We will send your personal data in the form of a file saved in one of the commonly used machine-readable formats, such as csv or xml. The use of such a format should enable the data to be transferred to another data controller. Right to object to the use of data You have the right at any time to object to the use of your personal data for purposes related to the direct marketing of our products and services. An objection does not result in the deletion of the data, but merely in us ceasing to use it for marketing purposes. You may also object at any time \u2013 on grounds relating to your particular situation \u2013 to the processing of personal data carried out on the basis of our legitimate interest. Any objection in this regard should be accompanied by a statement of reasons. Right not to be subject to decisions based solely on automated processingYou also have the right not to be subject to a decision based solely on automated processing, including profiling, which produces legal effects concerning you or similarly significantly affects you. The legal effects referred to above should be understood as the creation, modification or termination of a legal relationship, e.g. a contract. Such profiling may therefore include, for example, the granting or refusal of a loan, the application of enhanced security measures, the automatic disconnection of a telephone number as a result of failure to pay a telephone bill on time, etc. We would like to inform you that, with regard to your personal data, we do not make decisions based solely on automated processing, including profiling; consequently, we see no grounds for you to make such a request. However, if you disagree with our view, you are always free to make such a request.<\/p>\n<p><\/p>\n<p><strong>By what time will we fulfil your request<\/strong><\/p>\n<p>&nbsp;If you make one of the above requests to us by telephone or by contacting us at the email address provided below, we will inform you immediately whether your request has been granted or refused, but no later than one month from the date we receive your request. If it transpires that, due to the complex nature of your request or the number of requests, we are unable to fulfil your request within one month, we will fulfil it within a further two months, having previously informed you of the intended extension of the deadline.<\/p>\n<p><\/p>\n<p><strong>PRIVACY POLICY CHANGE<\/strong><\/p>\n<p>&nbsp;This Privacy Policy is subject to systematic review and its content may be changed, particularly in the event of changes in legislation, new guidelines from authorities responsible for supervising personal data protection processes, or the emergence of industry codes of good practice.<\/p>\n<p><\/p>\n<p><strong>&nbsp;IN WHICH SITUATIONS DO WE PROCESS YOUR PERSONAL DATA MAKING A SERVICE RESERVATION<\/strong><\/p>\n<p>If you use the booking form, or make a booking by telephone or e-mail, you will be asked to provide certain details, in particular your name, e-mail address and contact telephone number. Please remember that you provide this data voluntarily, although failure to provide certain data may result in the inability to book the service. The data you provide will be processed by us for one year from the time of booking.<\/p>\n<p><strong>&nbsp;DATA COLLECTION IN OTHER CASES<\/strong><\/p>\n<p>&nbsp;In connection with our business activities, we may also collect your personal data in other cases \u2013 for example, by building and using lasting mutual business relationships (networking) during business meetings and at industry events. The legal basis for processing in this case is the legitimate interest of the Controller (Article 6(1)(f) GDPR), consisting in building a network of contacts in connection with business activities. Personal data collected in such cases are processed solely for the purpose for which they were collected, and the Controller ensures their adequate protection.<\/p>\t\t\t\t\t\t\t\t<\/div>\n\t\t\t\t\t<\/div>\n\t\t<\/div>\n\t\t\t\t\t<\/div>\n\t\t<\/section>\n\t\t\t\t<\/div>","protected":false},"excerpt":{"rendered":"<p>Polityka prywatno\u015bci WPROWADZENIE &nbsp;Pragniemy Ci\u0119 zapewni\u0107, \u017ce nale\u017cyt\u0105 ochron\u0119 danych osobowych traktujemy jako jeden z najwa\u017cniejszych aspekt\u00f3w prowadzonej dzia\u0142alno\u015bci gospodarczej. Naszym celem jest bie\u017c\u0105ce i nale\u017cyte informowanie o sprawach zwi\u0105zanych z operacjami wykonywanymi przez nas na danych osobowych. W niniejszej Polityce Prywatno\u015bci postaramy si\u0119 szczeg\u00f3\u0142owo przedstawi\u0107 wszelkie sytuacje, w kt\u00f3rych gromadzimy informacje o Tobie. Wska\u017cemy [&hellip;]<\/p>\n","protected":false},"author":0,"featured_media":0,"parent":0,"menu_order":0,"comment_status":"closed","ping_status":"closed","template":"elementor_header_footer","meta":{"site-sidebar-layout":"default","site-content-layout":"","ast-site-content-layout":"default","site-content-style":"default","site-sidebar-style":"default","ast-global-header-display":"","ast-banner-title-visibility":"","ast-main-header-display":"","ast-hfb-above-header-display":"","ast-hfb-below-header-display":"","ast-hfb-mobile-header-display":"","site-post-title":"","ast-breadcrumbs-content":"","ast-featured-img":"","footer-sml-layout":"","ast-disable-related-posts":"","theme-transparent-header-meta":"","adv-header-id-meta":"","stick-header-meta":"","header-above-stick-meta":"","header-main-stick-meta":"","header-below-stick-meta":"","astra-migrate-meta-layouts":"default","ast-page-background-enabled":"default","ast-page-background-meta":{"desktop":{"background-color":"var(--ast-global-color-5)","background-image":"","background-repeat":"repeat","background-position":"center center","background-size":"auto","background-attachment":"scroll","background-type":"","background-media":"","overlay-type":"","overlay-color":"","overlay-opacity":"","overlay-gradient":""},"tablet":{"background-color":"","background-image":"","background-repeat":"repeat","background-position":"center center","background-size":"auto","background-attachment":"scroll","background-type":"","background-media":"","overlay-type":"","overlay-color":"","overlay-opacity":"","overlay-gradient":""},"mobile":{"background-color":"","background-image":"","background-repeat":"repeat","background-position":"center center","background-size":"auto","background-attachment":"scroll","background-type":"","background-media":"","overlay-type":"","overlay-color":"","overlay-opacity":"","overlay-gradient":""}},"ast-content-background-meta":{"desktop":{"background-color":"var(--ast-global-color-4)","background-image":"","background-repeat":"repeat","background-position":"center center","background-size":"auto","background-attachment":"scroll","background-type":"","background-media":"","overlay-type":"","overlay-color":"","overlay-opacity":"","overlay-gradient":""},"tablet":{"background-color":"var(--ast-global-color-4)","background-image":"","background-repeat":"repeat","background-position":"center center","background-size":"auto","background-attachment":"scroll","background-type":"","background-media":"","overlay-type":"","overlay-color":"","overlay-opacity":"","overlay-gradient":""},"mobile":{"background-color":"var(--ast-global-color-4)","background-image":"","background-repeat":"repeat","background-position":"center center","background-size":"auto","background-attachment":"scroll","background-type":"","background-media":"","overlay-type":"","overlay-color":"","overlay-opacity":"","overlay-gradient":""}},"footnotes":""},"class_list":["post-148","page","type-page","status-publish","hentry"],"_links":{"self":[{"href":"https:\/\/glokiemimieczem.pl\/en\/wp-json\/wp\/v2\/pages\/148","targetHints":{"allow":["GET"]}}],"collection":[{"href":"https:\/\/glokiemimieczem.pl\/en\/wp-json\/wp\/v2\/pages"}],"about":[{"href":"https:\/\/glokiemimieczem.pl\/en\/wp-json\/wp\/v2\/types\/page"}],"replies":[{"embeddable":true,"href":"https:\/\/glokiemimieczem.pl\/en\/wp-json\/wp\/v2\/comments?post=148"}],"version-history":[{"count":3,"href":"https:\/\/glokiemimieczem.pl\/en\/wp-json\/wp\/v2\/pages\/148\/revisions"}],"predecessor-version":[{"id":307,"href":"https:\/\/glokiemimieczem.pl\/en\/wp-json\/wp\/v2\/pages\/148\/revisions\/307"}],"wp:attachment":[{"href":"https:\/\/glokiemimieczem.pl\/en\/wp-json\/wp\/v2\/media?parent=148"}],"curies":[{"name":"wp","href":"https:\/\/api.w.org\/{rel}","templated":true}]}}