{"id":147,"date":"2026-03-17T07:47:03","date_gmt":"2026-03-17T06:47:03","guid":{"rendered":"https:\/\/glokiemimieczem.pl\/kontakt\/"},"modified":"2026-04-29T21:57:10","modified_gmt":"2026-04-29T19:57:10","slug":"kontakt","status":"publish","type":"page","link":"https:\/\/glokiemimieczem.pl\/en\/kontakt\/","title":{"rendered":"Contact"},"content":{"rendered":"<div data-elementor-type=\"wp-page\" data-elementor-id=\"147\" class=\"elementor elementor-147\">\n\t\t\t\t\t\t<section class=\"elementor-section elementor-top-section elementor-element elementor-element-th1zffm elementor-section-full_width elementor-section-stretched elementor-section-height-min-height gloki-hero elementor-section-content-bottom elementor-section-height-default elementor-section-items-middle\" data-id=\"th1zffm\" data-element_type=\"section\" data-e-type=\"section\" data-settings=\"{&quot;stretch_section&quot;:&quot;section-stretched&quot;,&quot;background_background&quot;:&quot;classic&quot;}\">\n\t\t\t\t\t\t\t<div class=\"elementor-background-overlay\"><\/div>\n\t\t\t\t\t\t\t<div class=\"elementor-container elementor-column-gap-default\">\n\t\t\t\t\t<div class=\"elementor-column elementor-col-100 elementor-top-column elementor-element elementor-element-me7sjdd\" data-id=\"me7sjdd\" data-element_type=\"column\" data-e-type=\"column\">\n\t\t\t<div class=\"elementor-widget-wrap elementor-element-populated\">\n\t\t\t\t\t\t<div class=\"elementor-element elementor-element-h7a4t1i elementor-widget elementor-widget-heading\" data-id=\"h7a4t1i\" data-element_type=\"widget\" data-e-type=\"widget\" data-widget_type=\"heading.default\">\n\t\t\t\t\t<h1 class=\"elementor-heading-title elementor-size-default\">Contact<\/h1>\t\t\t\t<\/div>\n\t\t\t\t\t<\/div>\n\t\t<\/div>\n\t\t\t\t\t<\/div>\n\t\t<\/section>\n\t\t\t\t<section class=\"elementor-section elementor-top-section elementor-element elementor-element-mir2mhq elementor-section-full_width elementor-section-stretched gloki-contact-section elementor-section-height-default elementor-section-height-default\" data-id=\"mir2mhq\" data-element_type=\"section\" data-e-type=\"section\" data-settings=\"{&quot;stretch_section&quot;:&quot;section-stretched&quot;}\">\n\t\t\t\t\t\t<div class=\"elementor-container elementor-column-gap-default\">\n\t\t\t\t\t<div class=\"elementor-column elementor-col-40 elementor-top-column elementor-element elementor-element-0os96xz\" data-id=\"0os96xz\" data-element_type=\"column\" data-e-type=\"column\">\n\t\t\t<div class=\"elementor-widget-wrap elementor-element-populated\">\n\t\t\t\t\t\t<div class=\"elementor-element elementor-element-a8vnraq elementor-widget elementor-widget-html\" data-id=\"a8vnraq\" data-element_type=\"widget\" data-e-type=\"widget\" data-widget_type=\"html.default\">\n\t\t\t\t\t<div class=\"contact_desc\"><div class=\"title_contact\"><h2>Contact us!<\/h2><\/div><h3>By Sword and Chain<\/h3><p><a href=\"https:\/\/www.google.com\/maps\/place\/Strzelnica+%C5%81ow%C4%99cice+-+Strefa+Celu\/@51.1180954,16.7271613,17z\" target=\"_blank\" rel=\"noopener\" title=\"Show on map\" style=\"color:inherit;text-decoration:none;\"><i class=\"fas fa-map-marker-alt\">&nbsp;<\/i> \u0141ow\u0119cice near Wroc\u0142aw, 55-330 \u0141ow\u0119cice<\/a><\/p><p><a href=\"tel:+48501988842\"><i class=\"fas fa-mobile-alt\">&nbsp;<\/i> +48 501 988 842 Pawe\u0142 <\/a><br><a href=\"tel:+48798488213\"><i class=\"fas fa-mobile-alt\">&nbsp;<\/i> +48 798 488 213 Justyna<\/a><br><a href=\"tel:+48500831160\" title=\"Phone Number\"><i class=\"fas fa-mobile-alt\">&nbsp;<\/i> +48 500 831 160 Jakub<\/a><br><a href=\"mailto:paweltula@gmail.com\" title=\"Contact us\"><i class=\"fas fa-envelope\">&nbsp;<\/i> paweltula@gmail.com<\/a><\/p><p><a href=\"https:\/\/www.facebook.com\/pg\/Strzelanie-z-broni-palnej-100458481672146\" target=\"_blank\"><i class=\"fab fa-facebook-f\">&nbsp;<\/i> Facebook<\/a><br><a href=\"https:\/\/www.instagram.com\/pawel.tula\" target=\"_blank\"><i class=\"fab fa-instagram\">&nbsp;<\/i> Instagram<\/a><br><a href=\"tel:+48501988842\" target=\"_blank\"><i class=\"fab fa-whatsapp\">&nbsp;<\/i> 501 988 842<\/a><\/p><p><a href=\"\/en\/polityka-prywatnosci\/\" target=\"_blank\">Privacy policy<\/a><\/p><\/div>\t\t\t\t<\/div>\n\t\t\t\t\t<\/div>\n\t\t<\/div>\n\t\t\t\t<div class=\"elementor-column elementor-col-60 elementor-top-column elementor-element elementor-element-5v5q0mu\" data-id=\"5v5q0mu\" data-element_type=\"column\" data-e-type=\"column\">\n\t\t\t<div class=\"elementor-widget-wrap elementor-element-populated\">\n\t\t\t\t\t\t<div class=\"elementor-element elementor-element-pu6mwcz elementor-widget elementor-widget-shortcode\" data-id=\"pu6mwcz\" data-element_type=\"widget\" data-e-type=\"widget\" data-widget_type=\"shortcode.default\">\n\t\t\t\t\t\t\t<div class=\"elementor-shortcode\">\n<div class=\"wpcf7 no-js\" id=\"wpcf7-f9-o1\" lang=\"en-US\" dir=\"ltr\" data-wpcf7-id=\"9\">\n<div class=\"screen-reader-response\"><p role=\"status\" aria-live=\"polite\" aria-atomic=\"true\"><\/p> <ul><\/ul><\/div>\n<form action=\"\/en\/wp-json\/wp\/v2\/pages\/147#wpcf7-f9-o1\" method=\"post\" class=\"wpcf7-form init\" aria-label=\"Contact form\" novalidate=\"novalidate\" data-status=\"init\" data-trp-original-action=\"\/en\/wp-json\/wp\/v2\/pages\/147#wpcf7-f9-o1\">\n<fieldset class=\"hidden-fields-container\"><input type=\"hidden\" name=\"_wpcf7\" value=\"9\" \/><input type=\"hidden\" name=\"_wpcf7_version\" value=\"6.1.5\" \/><input type=\"hidden\" name=\"_wpcf7_locale\" value=\"en_US\" \/><input type=\"hidden\" name=\"_wpcf7_unit_tag\" value=\"wpcf7-f9-o1\" \/><input type=\"hidden\" name=\"_wpcf7_container_post\" value=\"0\" \/><input type=\"hidden\" name=\"_wpcf7_posted_data_hash\" value=\"\" \/>\n<\/fieldset>\n<div class=\"cf7-row\">\n\t<div class=\"cf7-field\">\n\t\t<p><span class=\"wpcf7-form-control-wrap\" data-name=\"your-name\"><input size=\"40\" maxlength=\"400\" class=\"wpcf7-form-control wpcf7-text wpcf7-validates-as-required\" aria-required=\"true\" aria-invalid=\"false\" placeholder=\"First name(*)\" value=\"\" type=\"text\" name=\"your-name\" \/><\/span>\n\t\t<\/p>\n\t<\/div>\n\t<div class=\"cf7-field\">\n\t\t<p><span class=\"wpcf7-form-control-wrap\" data-name=\"your-phone\"><input size=\"40\" maxlength=\"400\" class=\"wpcf7-form-control wpcf7-tel wpcf7-text wpcf7-validates-as-tel\" aria-invalid=\"false\" placeholder=\"Telephone\" value=\"\" type=\"tel\" name=\"your-phone\" \/><\/span>\n\t\t<\/p>\n\t<\/div>\n\t<div class=\"cf7-field\">\n\t\t<p><span class=\"wpcf7-form-control-wrap\" data-name=\"your-email\"><input size=\"40\" maxlength=\"400\" class=\"wpcf7-form-control wpcf7-email wpcf7-validates-as-required wpcf7-text wpcf7-validates-as-email\" aria-required=\"true\" aria-invalid=\"false\" placeholder=\"Email address (*)\" value=\"\" type=\"email\" name=\"your-email\" \/><\/span>\n\t\t<\/p>\n\t<\/div>\n<\/div>\n<p><span class=\"wpcf7-form-control-wrap\" data-name=\"your-message\"><textarea cols=\"40\" rows=\"4\" maxlength=\"2000\" class=\"wpcf7-form-control wpcf7-textarea wpcf7-validates-as-required\" aria-required=\"true\" aria-invalid=\"false\" placeholder=\"Message (*)\" name=\"your-message\"><\/textarea><\/span>\n<\/p>\n<p style=\"font-size: 10px; color: #ccc;\">(*) - Please fill in the required fields\n<\/p>\n<div class=\"cf7-consent\">\n\t<p><span class=\"wpcf7-form-control-wrap\" data-name=\"your-consent\"><span class=\"wpcf7-form-control wpcf7-acceptance\"><span class=\"wpcf7-list-item\"><label><input type=\"checkbox\" name=\"your-consent\" value=\"1\" aria-invalid=\"false\" \/><span class=\"wpcf7-list-item-label\">I consent to the processing of my personal data for contact purposes. Providing data is voluntary. The basis for data processing is my consent. I have the right to withdraw my consent at any time. Personal data will be processed until consent is withdrawn. I have the right to request access to, rectification of, erasure of, or restriction of processing of my personal data from the administrator, as well as the right to lodge a complaint with a supervisory authority.<\/span><\/label><\/span><\/span><\/span>\n\t<\/p>\n<\/div>\n<div class=\"cf7-submit-right\">\n\t<p><div class=\"cf7-cf-turnstile\" style=\"margin-top: 0px; margin-bottom: -15px;\"> <div id=\"cf-turnstile-cf7-1418070993\" class=\"cf-turnstile\" data-sitekey=\"0x4AAAAAACoN1U9PP-9j_WTs\" data-theme=\"auto\" data-language=\"auto\" data-size=\"normal\" data-retry=\"auto\" data-retry-interval=\"1000\" data-refresh-expired=\"auto\" data-refresh-timeout=\"auto\" data-action=\"contact-form-7\" data-callback=\"turnstileCF7Callback\" data-appearance=\"always\"><\/div> <script>document.addEventListener(\"DOMContentLoaded\", function() { setTimeout(function(){ var e=document.getElementById(\"cf-turnstile-cf7-1418070993\"); if(e&&!e.innerHTML.trim()){turnstile.render(e, {sitekey:\"0x4AAAAAACoN1U9PP-9j_WTs\"});} }, 200); });<\/script> <br class=\"cf-turnstile-br cf-turnstile-br-cf7-1418070993\"> <style>#cf-turnstile-cf7-1418070993 { margin-left: -15px; }<\/style> <script>document.addEventListener(\"DOMContentLoaded\",function(){document.querySelectorAll('.wpcf7-form').forEach(function(e){e.addEventListener('submit',function(){if(document.getElementById('cf-turnstile-cf7-1418070993')){setTimeout(function(){turnstile.reset('#cf-turnstile-cf7-1418070993');},1000)}})})});<\/script> <\/div><br\/><input class=\"wpcf7-form-control wpcf7-submit has-spinner\" type=\"submit\" value=\"send\" \/>\n\t<\/p>\n<\/div><div class=\"wpcf7-response-output\" aria-hidden=\"true\"><\/div>\n<input type=\"hidden\" name=\"trp-form-language\" value=\"en\"\/><\/form>\n<\/div>\n<\/div>\n\t\t\t\t\t\t<\/div>\n\t\t\t\t\t<\/div>\n\t\t<\/div>\n\t\t\t\t\t<\/div>\n\t\t<\/section>\n\t\t\t\t<section class=\"elementor-section elementor-top-section elementor-element elementor-element-fl00gx2 elementor-section-full_width elementor-section-stretched elementor-section-height-default elementor-section-height-default\" data-id=\"fl00gx2\" data-element_type=\"section\" data-e-type=\"section\" data-settings=\"{&quot;stretch_section&quot;:&quot;section-stretched&quot;}\">\n\t\t\t\t\t\t<div class=\"elementor-container elementor-column-gap-no\">\n\t\t\t\t\t<div class=\"elementor-column elementor-col-100 elementor-top-column elementor-element elementor-element-266jzga\" data-id=\"266jzga\" data-element_type=\"column\" data-e-type=\"column\">\n\t\t\t<div class=\"elementor-widget-wrap elementor-element-populated\">\n\t\t\t\t\t\t<div class=\"elementor-element elementor-element-koym93w elementor-widget elementor-widget-html\" data-id=\"koym93w\" data-element_type=\"widget\" data-e-type=\"widget\" data-widget_type=\"html.default\">\n\t\t\t\t\t<div class=\"backPhoto maxH cover\" style=\"background-image:url('https:\/\/glokiemimieczem.pl\/wp-content\/uploads\/2026\/03\/6.jpg');\"><div class=\"row\"><div class=\"columns\"><div class=\"content auto_vertical\"><div class=\"amenties_wrap\"><div class=\"row large-up-3 medium-up-3\"><div class=\"columns\"><div class=\"amenties_cont\"><img decoding=\"async\" alt=\"Zabawa dost\u0119pna dla ka\u017cdego w zasi\u0119gu r\u0119ki!\" class=\"svg\" src=\"https:\/\/glokiemimieczem.pl\/wp-content\/uploads\/2026\/03\/happy.svg\" style=\"height:70px;width:70px;\"><h3>Great fun<\/h3><p>Fun available to everyone within reach!<\/p><\/div><\/div><div class=\"columns\"><div class=\"amenties_cont\"><img decoding=\"async\" alt=\"Cenne do\u015bwiadczenie pozwalaj\u0105ce naby\u0107 nowych umiej\u0119tno\u015bci\" class=\"svg\" src=\"https:\/\/glokiemimieczem.pl\/wp-content\/uploads\/2026\/03\/tommy-gun.svg\" style=\"height:70px;width:70px;\"><h3>New experience<\/h3><p>Valuable experience that allows you to acquire new skills<\/p><\/div><\/div><div class=\"columns\"><div class=\"amenties_cont\"><img decoding=\"async\" alt=\"Niepowtarzalne eventy - jedyne w swoim rodzaju\" class=\"svg\" src=\"https:\/\/glokiemimieczem.pl\/wp-content\/uploads\/2026\/03\/calendar.svg\" style=\"height:70px;width:70px;\"><h3>Ideal for events<\/h3><p>Unique events - one of a kind<\/p><\/div><\/div><\/div><\/div><\/div><\/div><\/div><\/div>\t\t\t\t<\/div>\n\t\t\t\t\t<\/div>\n\t\t<\/div>\n\t\t\t\t\t<\/div>\n\t\t<\/section>\n\t\t\t\t<section class=\"elementor-section elementor-top-section elementor-element elementor-element-b2nw219 elementor-section-full_width elementor-section-stretched elementor-section-height-default elementor-section-height-default\" data-id=\"b2nw219\" data-element_type=\"section\" data-e-type=\"section\" data-settings=\"{&quot;stretch_section&quot;:&quot;section-stretched&quot;}\">\n\t\t\t\t\t\t<div class=\"elementor-container elementor-column-gap-no\">\n\t\t\t\t\t<div class=\"elementor-column elementor-col-100 elementor-top-column elementor-element elementor-element-eaeabzn\" data-id=\"eaeabzn\" data-element_type=\"column\" data-e-type=\"column\">\n\t\t\t<div class=\"elementor-widget-wrap elementor-element-populated\">\n\t\t\t\t\t\t<div class=\"elementor-element elementor-element-7e571j2 elementor-widget elementor-widget-html\" data-id=\"7e571j2\" data-element_type=\"widget\" data-e-type=\"widget\" data-widget_type=\"html.default\">\n\t\t\t\t\t<div class=\"title\"><h2>See on the map<\/h2><h3>Press and check directions<\/h3><\/div><div class=\"map\"><div id=\"gmap\"><iframe src=\"https:\/\/www.google.com\/maps\/embed?pb=!1m18!1m12!1m3!1d2504.4777370866905!2d16.7271613!3d51.1180954!2m3!1f0!2f0!3f0!3m2!1i1024!2i768!4f13.1!3m3!1m2!1s0x470fbdfbaedfc693%3A0x1b18aa176ba45ae5!2sStrzelnica%20%C5%81ow%C4%99cice%20-%20Strefa%20Celu!5e0!3m2!1spl!2spl!4v1678886090914!5m2!1spl!2spl\" width=\"100%\" height=\"100%\" style=\"border:0;\" allowfullscreen=\"\" loading=\"lazy\" referrerpolicy=\"no-referrer-when-downgrade\"><\/iframe><\/div><\/div>\t\t\t\t<\/div>\n\t\t\t\t\t<\/div>\n\t\t<\/div>\n\t\t\t\t\t<\/div>\n\t\t<\/section>\n\t\t\t\t<\/div>","protected":false},"excerpt":{"rendered":"<p>Kontakt Skontaktuj si\u0119 z nami! Glokiem i Mieczem &nbsp; \u0141ow\u0119cice k. Wroc\u0142awia, 55-330 \u0141ow\u0119cice &nbsp; +48 501 988 842 Pawe\u0142 &nbsp; +48 798 488 213 Justyna&nbsp; +48 500 831 160 Jakub&nbsp; paweltula@gmail.com &nbsp; Facebook&nbsp; Instagram&nbsp; 501 988 842 Polityka prywatno\u015bci \u015awietna zabawa Zabawa dost\u0119pna dla ka\u017cdego w zasi\u0119gu r\u0119ki! Nowe do\u015bwiadczenie Cenne do\u015bwiadczenie pozwalaj\u0105ce naby\u0107 [&hellip;]<\/p>\n","protected":false},"author":0,"featured_media":0,"parent":0,"menu_order":0,"comment_status":"closed","ping_status":"closed","template":"elementor_header_footer","meta":{"site-sidebar-layout":"no-sidebar","site-content-layout":"","ast-site-content-layout":"full-width-container","site-content-style":"default","site-sidebar-style":"default","ast-global-header-display":"","ast-banner-title-visibility":"","ast-main-header-display":"","ast-hfb-above-header-display":"","ast-hfb-below-header-display":"","ast-hfb-mobile-header-display":"","site-post-title":"disabled","ast-breadcrumbs-content":"","ast-featured-img":"disabled","footer-sml-layout":"","ast-disable-related-posts":"","theme-transparent-header-meta":"","adv-header-id-meta":"","stick-header-meta":"","header-above-stick-meta":"","header-main-stick-meta":"","header-below-stick-meta":"","astra-migrate-meta-layouts":"default","ast-page-background-enabled":"default","ast-page-background-meta":{"desktop":{"background-color":"var(--ast-global-color-5)","background-image":"","background-repeat":"repeat","background-position":"center center","background-size":"auto","background-attachment":"scroll","background-type":"","background-media":"","overlay-type":"","overlay-color":"","overlay-opacity":"","overlay-gradient":""},"tablet":{"background-color":"","background-image":"","background-repeat":"repeat","background-position":"center center","background-size":"auto","background-attachment":"scroll","background-type":"","background-media":"","overlay-type":"","overlay-color":"","overlay-opacity":"","overlay-gradient":""},"mobile":{"background-color":"","background-image":"","background-repeat":"repeat","background-position":"center center","background-size":"auto","background-attachment":"scroll","background-type":"","background-media":"","overlay-type":"","overlay-color":"","overlay-opacity":"","overlay-gradient":""}},"ast-content-background-meta":{"desktop":{"background-color":"var(--ast-global-color-4)","background-image":"","background-repeat":"repeat","background-position":"center center","background-size":"auto","background-attachment":"scroll","background-type":"","background-media":"","overlay-type":"","overlay-color":"","overlay-opacity":"","overlay-gradient":""},"tablet":{"background-color":"var(--ast-global-color-4)","background-image":"","background-repeat":"repeat","background-position":"center center","background-size":"auto","background-attachment":"scroll","background-type":"","background-media":"","overlay-type":"","overlay-color":"","overlay-opacity":"","overlay-gradient":""},"mobile":{"background-color":"var(--ast-global-color-4)","background-image":"","background-repeat":"repeat","background-position":"center center","background-size":"auto","background-attachment":"scroll","background-type":"","background-media":"","overlay-type":"","overlay-color":"","overlay-opacity":"","overlay-gradient":""}},"footnotes":""},"class_list":["post-147","page","type-page","status-publish","hentry"],"_links":{"self":[{"href":"https:\/\/glokiemimieczem.pl\/en\/wp-json\/wp\/v2\/pages\/147","targetHints":{"allow":["GET"]}}],"collection":[{"href":"https:\/\/glokiemimieczem.pl\/en\/wp-json\/wp\/v2\/pages"}],"about":[{"href":"https:\/\/glokiemimieczem.pl\/en\/wp-json\/wp\/v2\/types\/page"}],"replies":[{"embeddable":true,"href":"https:\/\/glokiemimieczem.pl\/en\/wp-json\/wp\/v2\/comments?post=147"}],"version-history":[{"count":19,"href":"https:\/\/glokiemimieczem.pl\/en\/wp-json\/wp\/v2\/pages\/147\/revisions"}],"predecessor-version":[{"id":1145,"href":"https:\/\/glokiemimieczem.pl\/en\/wp-json\/wp\/v2\/pages\/147\/revisions\/1145"}],"wp:attachment":[{"href":"https:\/\/glokiemimieczem.pl\/en\/wp-json\/wp\/v2\/media?parent=147"}],"curies":[{"name":"wp","href":"https:\/\/api.w.org\/{rel}","templated":true}]}}