{"id":138,"date":"2026-03-17T07:46:51","date_gmt":"2026-03-17T06:46:51","guid":{"rendered":"https:\/\/glokiemimieczem.pl\/oferta\/pakiety-strzeleckie\/"},"modified":"2026-04-03T20:39:22","modified_gmt":"2026-04-03T18:39:22","slug":"pakiety-strzeleckie","status":"publish","type":"page","link":"https:\/\/glokiemimieczem.pl\/en\/oferta\/pakiety-strzeleckie\/","title":{"rendered":"Shooting packages"},"content":{"rendered":"<h1>Packages<\/h1>\n<p>\t\t\t\t\t\t\t\t<a data-elementor-open-lightbox=\"yes\" data-elementor-lightbox-slideshow=\"joq778o\" data-e-action-hash=\"#elementor-action%3Aaction%3Dlightbox%26settings%3DeyJpZCI6IjMxIiwidXJsIjoiaHR0cHM6XC9cL2dsb2tpZW1pbWllY3plbS5wbFwvd3AtY29udGVudFwvdXBsb2Fkc1wvMjAyNlwvMDNcLzEwMDBJT0lPTy5qcGciLCJzbGlkZXNob3ciOiJqb3E3NzhvIn0%3D\" href=\"https:\/\/glokiemimieczem.pl\/wp-content\/uploads\/2026\/03\/1000IOIOO.jpg\"><\/p>\n<figure><img decoding=\"async\" src=\"https:\/\/glokiemimieczem.pl\/wp-content\/uploads\/2026\/03\/1000IOIOO.jpg\" alt=\"1000IOIOO\" \/><\/figure>\n<p><a href=\"\/en\/url-to-page-to-be-translated\/\"><a data-elementor-open-lightbox=\"yes\" data-elementor-lightbox-slideshow=\"joq778o\" data-e-action-hash=\"#elementor-action%3Aaction%3Dlightbox%26settings%3DeyJpZCI6IjMwIiwidXJsIjoiaHR0cHM6XC9cL2dsb2tpZW1pbWllY3plbS5wbFwvd3AtY29udGVudFwvdXBsb2Fkc1wvMjAyNlwvMDNcLzEwMDAwME9vLmpwZyIsInNsaWRlc2hvdyI6ImpvcTc3OG8ifQ%3D%3D\" href=\"https:\/\/glokiemimieczem.pl\/wp-content\/uploads\/2026\/03\/100000Oo.jpg\"><\/p>\n<figure><img decoding=\"async\" src=\"https:\/\/glokiemimieczem.pl\/wp-content\/uploads\/2026\/03\/100000Oo.jpg\" alt=\"100000Oo\" \/><\/figure>\n<p><a href=\"\/en\/url-to-page-to-be-translated\/\"><a data-elementor-open-lightbox=\"yes\" data-elementor-lightbox-slideshow=\"joq778o\" data-e-action-hash=\"#elementor-action%3Aaction%3Dlightbox%26settings%3DeyJpZCI6IjQwIiwidXJsIjoiaHR0cHM6XC9cL2dsb2tpZW1pbWllY3plbS5wbFwvd3AtY29udGVudFwvdXBsb2Fkc1wvMjAyNlwvMDNcLzU0LmpwZyIsInNsaWRlc2hvdyI6ImpvcTc3OG8ifQ%3D%3D\" href=\"https:\/\/glokiemimieczem.pl\/wp-content\/uploads\/2026\/03\/54.jpg\"><\/p>\n<figure><img decoding=\"async\" src=\"https:\/\/glokiemimieczem.pl\/wp-content\/uploads\/2026\/03\/54.jpg\" alt=\"54\" \/><\/figure>\n<p><a href=\"\/en\/url-to-page-to-be-translated\/\"><br \/>\n\t\t\t\t\t\t<svg aria-hidden=\"true\" viewbox=\"0 0 1000 1000\" xmlns=\"http:\/\/www.w3.org\/2000\/svg\"><path d=\"M646 125C629 125 613 133 604 142L308 442C296 454 292 471 292 487 292 504 296 521 308 533L604 854C617 867 629 875 646 875 663 875 679 871 692 858 704 846 713 829 713 812 713 796 708 779 692 767L438 487 692 225C700 217 708 204 708 187 708 171 704 154 692 142 675 129 663 125 646 125Z\"><\/path><\/svg><br \/>\n\t\t\t\t\t\t<svg aria-hidden=\"true\" viewbox=\"0 0 1000 1000\" xmlns=\"http:\/\/www.w3.org\/2000\/svg\"><path d=\"M696 533C708 521 713 504 713 487 713 471 708 454 696 446L400 146C388 133 375 125 354 125 338 125 325 129 313 142 300 154 292 171 292 187 292 204 296 221 308 233L563 492 304 771C292 783 288 800 288 817 288 833 296 850 308 863 321 871 338 875 354 875 371 875 388 867 400 854L696 533Z\"><\/path><\/svg>\t\t\t\t\t<\/p>\n<h2>Classic Package<\/h2>\n<h3>The three most famous constructions in the world that you simply must master to understand the essence of true marksmanship.<\/h3>\n<p>OPTIONS FOR 1 PERSON Classic (\u00a3300):<br \/>10 shots from a Beryl S762 carbine<br \/>10 shots from an AR15 carbine<br \/>10 shots from a GLOCK 17 Classic Plus pistol (\u00a3450):\n20 shots from a Beryl S762 rifle\n20 shots from an AR15 rifle\n20 shots from a GLOCK 17 Classic Pro Max pistol (\u00a3600):\n30 shots from a Beryl S762 rifle\n30 shots from an AR 15 rifle\n30 shots from a GLOCK 17 pistol\n\nOPTION FOR 2 PEOPLE:\nClassic for Two (\u00a3590):<br \/>20 shots from a Beryl S762 rifle (10 per person)<br \/>20 shots from an AR15 rifle (10 per person)<br \/>20 shots from a GLOCK 17 pistol (10 per person) OPTION FOR 3 PEOPLE: The Classic Trio (880z\u0142):<br \/>30 shots from a Beryl S762 carbine (10 per person)<br \/>30 shots from an AR15 rifle (10 per person)<br \/>30 shots from a GLOCK 17 pistol (10 per person). Included in the price of each option, the shooter will also receive: protective goggles and headphones, shooting targets, safety and weapon handling training, and constant instructor supervision. The chosen SHOOTING PACKAGE applies to a specific number of people (one, two, or three). For safety and organisational reasons, each accompanying person present at the shooting range will incur a fee of 30 PLN (payable on-site).<\/p>\n<h2>Junior<\/h2>\n<h3>Stress-free first steps at the shooting range \u2013 zero recoil, one hundred percent fun, and complete safety for children and novices.<\/h3>\n<p>OPTIONS FOR 1 PERSON:\nJunior (\u00a3270):\n10 shots from a TOZ 17 rifle\n10 shots from an M&amp;P 15 rifle\n10 shots from a GLOCK 44 pistol\n\nJunior Plus (\u00a3400):\n20 shots from a TOZ 17 rifle\n20 shots from an M&amp;P 15 rifle\n20 shots from a GLOCK 44 pistol\n\nJunior Pro Max (\u00a3500):\n30 shots from a TOZ 17 rifle\n30 shots from an M&amp;P 15 rifle\n30 shots from a GLOCK 44 pistol\n\nOPTION FOR 2 PEOPLE:\nJunior for Two (\u00a3530):<br \/>20 shots from the TOZ 17 rifle (10 per person)<br \/>20 shots from an M&amp;P 15 rifle (10 per person)<br \/>20 shots from a GLOCK 44 pistol (10 per person) OPTION FOR 3 PEOPLE: Junior for Three (\u00a3790):<br \/>30 shots from a TOZ 17 carbine (10 per person)<br \/>30 shots from an M&amp;P 15 carbine (10 per person)<br \/>30 shots from a GLOCK 44 pistol (10 per person). Included with every option, the shooter will also receive: protective glasses and ear defenders, shooting targets, training on safety rules and weapon handling, and constant instructor supervision. The selected SHOOTING PACKAGE applies to a specific number of people (one, two, or three). For safety and organisational reasons, each accompanying person present on the shooting range will incur a fee of 30 PLN (payable on site).<br \/>\n\t\t\t\t\t\t\t\t<a data-elementor-open-lightbox=\"yes\" data-elementor-lightbox-slideshow=\"3s02f3k\" data-e-action-hash=\"#elementor-action%3Aaction%3Dlightbox%26settings%3DeyJpZCI6IjMyIiwidXJsIjoiaHR0cHM6XC9cL2dsb2tpZW1pbWllY3plbS5wbFwvd3AtY29udGVudFwvdXBsb2Fkc1wvMjAyNlwvMDNcLzExMDAwSU8uanBnIiwic2xpZGVzaG93IjoiM3MwMmYzayJ9\" href=\"https:\/\/glokiemimieczem.pl\/wp-content\/uploads\/2026\/03\/11000IO.jpg\"><\/p>\n<figure><img decoding=\"async\" src=\"https:\/\/glokiemimieczem.pl\/wp-content\/uploads\/2026\/03\/11000IO.jpg\" alt=\"11000IO\" \/><\/figure>\n<p><a href=\"\/en\/url-to-page-to-be-translated\/\"><a data-elementor-open-lightbox=\"yes\" data-elementor-lightbox-slideshow=\"3s02f3k\" data-e-action-hash=\"#elementor-action%3Aaction%3Dlightbox%26settings%3DeyJpZCI6IjQxIiwidXJsIjoiaHR0cHM6XC9cL2dsb2tpZW1pbWllY3plbS5wbFwvd3AtY29udGVudFwvdXBsb2Fkc1wvMjAyNlwvMDNcLzU1LmpwZyIsInNsaWRlc2hvdyI6IjNzMDJmM2sifQ%3D%3D\" href=\"https:\/\/glokiemimieczem.pl\/wp-content\/uploads\/2026\/03\/55.jpg\"><\/p>\n<figure><img decoding=\"async\" src=\"https:\/\/glokiemimieczem.pl\/wp-content\/uploads\/2026\/03\/55.jpg\" alt=\"55\" \/><\/figure>\n<p><a href=\"\/en\/url-to-page-to-be-translated\/\"><a data-elementor-open-lightbox=\"yes\" data-elementor-lightbox-slideshow=\"3s02f3k\" data-e-action-hash=\"#elementor-action%3Aaction%3Dlightbox%26settings%3DeyJpZCI6IjQyIiwidXJsIjoiaHR0cHM6XC9cL2dsb2tpZW1pbWllY3plbS5wbFwvd3AtY29udGVudFwvdXBsb2Fkc1wvMjAyNlwvMDNcLzU2LmpwZyIsInNsaWRlc2hvdyI6IjNzMDJmM2sifQ%3D%3D\" href=\"https:\/\/glokiemimieczem.pl\/wp-content\/uploads\/2026\/03\/56.jpg\"><\/p>\n<figure><img decoding=\"async\" src=\"https:\/\/glokiemimieczem.pl\/wp-content\/uploads\/2026\/03\/56.jpg\" alt=\"56\" \/><\/figure>\n<p><a href=\"\/en\/url-to-page-to-be-translated\/\"><br \/>\n\t\t\t\t\t\t<svg aria-hidden=\"true\" viewbox=\"0 0 1000 1000\" xmlns=\"http:\/\/www.w3.org\/2000\/svg\"><path d=\"M646 125C629 125 613 133 604 142L308 442C296 454 292 471 292 487 292 504 296 521 308 533L604 854C617 867 629 875 646 875 663 875 679 871 692 858 704 846 713 829 713 812 713 796 708 779 692 767L438 487 692 225C700 217 708 204 708 187 708 171 704 154 692 142 675 129 663 125 646 125Z\"><\/path><\/svg><br \/>\n\t\t\t\t\t\t<svg aria-hidden=\"true\" viewbox=\"0 0 1000 1000\" xmlns=\"http:\/\/www.w3.org\/2000\/svg\"><path d=\"M696 533C708 521 713 504 713 487 713 471 708 454 696 446L400 146C388 133 375 125 354 125 338 125 325 129 313 142 300 154 292 171 292 187 292 204 296 221 308 233L563 492 304 771C292 783 288 800 288 817 288 833 296 850 308 863 321 871 338 875 354 875 371 875 388 867 400 854L696 533Z\"><\/path><\/svg><br \/>\n\t\t\t\t\t\t\t\t<a data-elementor-open-lightbox=\"yes\" data-elementor-lightbox-slideshow=\"x8xjbna\" data-e-action-hash=\"#elementor-action%3Aaction%3Dlightbox%26settings%3DeyJpZCI6IjQzIiwidXJsIjoiaHR0cHM6XC9cL2dsb2tpZW1pbWllY3plbS5wbFwvd3AtY29udGVudFwvdXBsb2Fkc1wvMjAyNlwvMDNcLzYwMDBJMk9pLmpwZyIsInNsaWRlc2hvdyI6Ing4eGpibmEifQ%3D%3D\" href=\"https:\/\/glokiemimieczem.pl\/wp-content\/uploads\/2026\/03\/6000I2Oi.jpg\"><\/p>\n<figure><img decoding=\"async\" src=\"https:\/\/glokiemimieczem.pl\/wp-content\/uploads\/2026\/03\/6000I2Oi.jpg\" alt=\"6000I2Oi\" \/><\/figure>\n<p><a href=\"\/en\/url-to-page-to-be-translated\/\"><a data-elementor-open-lightbox=\"yes\" data-elementor-lightbox-slideshow=\"x8xjbna\" data-e-action-hash=\"#elementor-action%3Aaction%3Dlightbox%26settings%3DeyJpZCI6IjMzIiwidXJsIjoiaHR0cHM6XC9cL2dsb2tpZW1pbWllY3plbS5wbFwvd3AtY29udGVudFwvdXBsb2Fkc1wvMjAyNlwvMDNcLzIwME9vLmpwZyIsInNsaWRlc2hvdyI6Ing4eGpibmEifQ%3D%3D\" href=\"https:\/\/glokiemimieczem.pl\/wp-content\/uploads\/2026\/03\/200Oo.jpg\"><\/p>\n<figure><img decoding=\"async\" src=\"https:\/\/glokiemimieczem.pl\/wp-content\/uploads\/2026\/03\/200Oo.jpg\" alt=\"200Oo\" \/><\/figure>\n<p><a href=\"\/en\/url-to-page-to-be-translated\/\"><a data-elementor-open-lightbox=\"yes\" data-elementor-lightbox-slideshow=\"x8xjbna\" data-e-action-hash=\"#elementor-action%3Aaction%3Dlightbox%26settings%3DeyJpZCI6IjQ0IiwidXJsIjoiaHR0cHM6XC9cL2dsb2tpZW1pbWllY3plbS5wbFwvd3AtY29udGVudFwvdXBsb2Fkc1wvMjAyNlwvMDNcLzcwME8wb2kuanBnIiwic2xpZGVzaG93IjoieDh4amJuYSJ9\" href=\"https:\/\/glokiemimieczem.pl\/wp-content\/uploads\/2026\/03\/700O0oi.jpg\"><\/p>\n<figure><img decoding=\"async\" src=\"https:\/\/glokiemimieczem.pl\/wp-content\/uploads\/2026\/03\/700O0oi.jpg\" alt=\"700O0oi\" \/><\/figure>\n<p><a href=\"\/en\/url-to-page-to-be-translated\/\"><br \/>\n\t\t\t\t\t\t<svg aria-hidden=\"true\" viewbox=\"0 0 1000 1000\" xmlns=\"http:\/\/www.w3.org\/2000\/svg\"><path d=\"M646 125C629 125 613 133 604 142L308 442C296 454 292 471 292 487 292 504 296 521 308 533L604 854C617 867 629 875 646 875 663 875 679 871 692 858 704 846 713 829 713 812 713 796 708 779 692 767L438 487 692 225C700 217 708 204 708 187 708 171 704 154 692 142 675 129 663 125 646 125Z\"><\/path><\/svg><br \/>\n\t\t\t\t\t\t<svg aria-hidden=\"true\" viewbox=\"0 0 1000 1000\" xmlns=\"http:\/\/www.w3.org\/2000\/svg\"><path d=\"M696 533C708 521 713 504 713 487 713 471 708 454 696 446L400 146C388 133 375 125 354 125 338 125 325 129 313 142 300 154 292 171 292 187 292 204 296 221 308 233L563 492 304 771C292 783 288 800 288 817 288 833 296 850 308 863 321 871 338 875 354 875 371 875 388 867 400 854L696 533Z\"><\/path><\/svg>\t\t\t\t\t<\/p>\n<h2>Mogul<\/h2>\n<h3>Package for thrill-seekers who want to feel the true power of the largest calibres on their own shoulder.<\/h3>\n<p>OPTIONS FOR 1 PERSON:\nPowerhouse (\u00a3330):\n5 shots from a Mosin rifle\n7 shots from a shotgun\n10 shots from an HK 45 pistol\n\nPowerhouse Plus (\u00a3500):\n10 shots from a Mosin rifle\n14 shots from a shotgun\n20 shots from an HK 45 pistol\n\nPowerhouse Pro Max (\u00a3700):\n15 shots from a Mosin rifle\n21 shots from a shotgun\n30 shots from an HK 45 pistol\n\nOPTION FOR 2 PEOPLE:\nTwo-Person Powerhouse (\u00a3650):<br \/>20 shots from a Mosin rifle (10 per person)<br \/>14 shotgun shots (7 per person)<br \/>20 shots from an HK 45 pistol (10 per person) OPTION FOR 3 PEOPLE: The Trio's Powerhouse (970z\u0142):<br \/>15 shots from a Mosin rifle (5 per person)<br \/>21 shotgun shots (7 per person)<br \/>30 shots from an HK 45 pistol (10 per person). The price of each option includes: safety glasses and hearing protection, shooting targets, training on safety rules and weapon handling, and constant instructor supervision. The selected SHOOTING PACKAGE applies to a specific number of people (one, two, or three). For safety and organisational reasons, each accompanying person present on the shooting range incurs a fee of PLN 30 (payable on site).\t\t\t<\/p>\n<h2>Book an appointment today<\/h2>\n<h3>Shooting a firearm<\/h3>\n<p><a href=\"\/en\/rezerwacja\/\" title=\"booking, shooting with a firearm\">Booking an appointment<\/a>\t\t<\/p>\n<h2>Made in PL<\/h2>\n<h3>Feel like a soldier of the Polish Army, testing the reliable Beryl, the futuristic Grot, and the modern VIS in action.<\/h3>\n<p>OPTIONS FOR 1 PERSON:\nMade in PL (\u00a3350):\n10 shots from Beryl S762 rifle\n10 shots from MSBS Grot rifle\n10 shots from VIS 100 pistol\n\nMade in PL Plus (\u00a3550):\n20 shots from Beryl S762 rifle\n20 shots from MSBS Grot rifle\n20 shots from VIS 100 pistol\n\nMade in PL Pro Max (\u00a3750):\n30 shots from Beryl S762 rifle\n30 shots from MSBS Grot rifle\n30 shots from VIS 100 pistol\n\nOPTION FOR 2 PEOPLE:\nMade in PL for Two (\u00a3690):<br \/>20 shots from a Beryl S762 rifle (10 per person)<br \/>20 shots from MSBS Grot rifle (10 per person)<br \/>20 shots from a VIS 100 pistol (10 per person) OPTION FOR 3 PEOPLE: Made in PL for Three (\u00a3980):<br \/>30 shots from a Beryl S762 carbine (10 per person)<br \/>30 shots from the MSBS Grot rifle (10 per person)<br \/>30 shots from a VIS 100 pistol (10 per person). Included in the price of each option, the shooter will also receive: safety glasses and headphones, shooting targets, training on safety rules and weapon handling, and constant supervision by an instructor. The chosen SHOOTING PACKAGE applies to a specific number of people (one, two, or three). For safety and organisational reasons, each accompanying person present on the shooting range will incur a fee of PLN 30 (payable on site).<br \/>\n\t\t\t\t\t\t\t\t<a data-elementor-open-lightbox=\"yes\" data-elementor-lightbox-slideshow=\"twis1zj\" data-e-action-hash=\"#elementor-action%3Aaction%3Dlightbox%26settings%3DeyJpZCI6IjMxIiwidXJsIjoiaHR0cHM6XC9cL2dsb2tpZW1pbWllY3plbS5wbFwvd3AtY29udGVudFwvdXBsb2Fkc1wvMjAyNlwvMDNcLzEwMDBJT0lPTy5qcGciLCJzbGlkZXNob3ciOiJ0d2lzMXpqIn0%3D\" href=\"https:\/\/glokiemimieczem.pl\/wp-content\/uploads\/2026\/03\/1000IOIOO.jpg\"><\/p>\n<figure><img decoding=\"async\" src=\"https:\/\/glokiemimieczem.pl\/wp-content\/uploads\/2026\/03\/1000IOIOO.jpg\" alt=\"1000IOIOO\" \/><\/figure>\n<p><a href=\"\/en\/url-to-page-to-be-translated\/\"><a data-elementor-open-lightbox=\"yes\" data-elementor-lightbox-slideshow=\"twis1zj\" data-e-action-hash=\"#elementor-action%3Aaction%3Dlightbox%26settings%3DeyJpZCI6IjQ2IiwidXJsIjoiaHR0cHM6XC9cL2dsb2tpZW1pbWllY3plbS5wbFwvd3AtY29udGVudFwvdXBsb2Fkc1wvMjAyNlwvMDNcL0dST1QucG5nIiwic2xpZGVzaG93IjoidHdpczF6aiJ9\" href=\"https:\/\/glokiemimieczem.pl\/wp-content\/uploads\/2026\/03\/GROT.png\"><\/p>\n<figure><img decoding=\"async\" src=\"https:\/\/glokiemimieczem.pl\/wp-content\/uploads\/2026\/03\/GROT.png\" alt=\"GROT\" \/><\/figure>\n<p><a href=\"\/en\/url-to-page-to-be-translated\/\"><a data-elementor-open-lightbox=\"yes\" data-elementor-lightbox-slideshow=\"twis1zj\" data-e-action-hash=\"#elementor-action%3Aaction%3Dlightbox%26settings%3DeyJpZCI6IjM4IiwidXJsIjoiaHR0cHM6XC9cL2dsb2tpZW1pbWllY3plbS5wbFwvd3AtY29udGVudFwvdXBsb2Fkc1wvMjAyNlwvMDNcLzUyLmpwZyIsInNsaWRlc2hvdyI6InR3aXMxemoifQ%3D%3D\" href=\"https:\/\/glokiemimieczem.pl\/wp-content\/uploads\/2026\/03\/52.jpg\"><\/p>\n<figure><img decoding=\"async\" src=\"https:\/\/glokiemimieczem.pl\/wp-content\/uploads\/2026\/03\/52.jpg\" alt=\"52\" \/><\/figure>\n<p><a href=\"\/en\/url-to-page-to-be-translated\/\"><br \/>\n\t\t\t\t\t\t<svg aria-hidden=\"true\" viewbox=\"0 0 1000 1000\" xmlns=\"http:\/\/www.w3.org\/2000\/svg\"><path d=\"M646 125C629 125 613 133 604 142L308 442C296 454 292 471 292 487 292 504 296 521 308 533L604 854C617 867 629 875 646 875 663 875 679 871 692 858 704 846 713 829 713 812 713 796 708 779 692 767L438 487 692 225C700 217 708 204 708 187 708 171 704 154 692 142 675 129 663 125 646 125Z\"><\/path><\/svg><br \/>\n\t\t\t\t\t\t<svg aria-hidden=\"true\" viewbox=\"0 0 1000 1000\" xmlns=\"http:\/\/www.w3.org\/2000\/svg\"><path d=\"M696 533C708 521 713 504 713 487 713 471 708 454 696 446L400 146C388 133 375 125 354 125 338 125 325 129 313 142 300 154 292 171 292 187 292 204 296 221 308 233L563 492 304 771C292 783 288 800 288 817 288 833 296 850 308 863 321 871 338 875 354 875 371 875 388 867 400 854L696 533Z\"><\/path><\/svg><br \/>\n\t\t\t\t\t\t\t\t<a data-elementor-open-lightbox=\"yes\" data-elementor-lightbox-slideshow=\"55m3ncc\" data-e-action-hash=\"#elementor-action%3Aaction%3Dlightbox%26settings%3DeyJpZCI6IjM5IiwidXJsIjoiaHR0cHM6XC9cL2dsb2tpZW1pbWllY3plbS5wbFwvd3AtY29udGVudFwvdXBsb2Fkc1wvMjAyNlwvMDNcLzUzLmpwZyIsInNsaWRlc2hvdyI6IjU1bTNuY2MifQ%3D%3D\" href=\"https:\/\/glokiemimieczem.pl\/wp-content\/uploads\/2026\/03\/53.jpg\"><\/p>\n<figure><img decoding=\"async\" src=\"https:\/\/glokiemimieczem.pl\/wp-content\/uploads\/2026\/03\/53.jpg\" alt=\"53\" \/><\/figure>\n<p><a href=\"\/en\/url-to-page-to-be-translated\/\"><a data-elementor-open-lightbox=\"yes\" data-elementor-lightbox-slideshow=\"55m3ncc\" data-e-action-hash=\"#elementor-action%3Aaction%3Dlightbox%26settings%3DeyJpZCI6IjM2IiwidXJsIjoiaHR0cHM6XC9cL2dsb2tpZW1pbWllY3plbS5wbFwvd3AtY29udGVudFwvdXBsb2Fkc1wvMjAyNlwvMDNcLzUwMG8uanBnIiwic2xpZGVzaG93IjoiNTVtM25jYyJ9\" href=\"https:\/\/glokiemimieczem.pl\/wp-content\/uploads\/2026\/03\/500o.jpg\"><\/p>\n<figure><img decoding=\"async\" src=\"https:\/\/glokiemimieczem.pl\/wp-content\/uploads\/2026\/03\/500o.jpg\" alt=\"500o\" \/><\/figure>\n<p><a href=\"\/en\/url-to-page-to-be-translated\/\"><a data-elementor-open-lightbox=\"yes\" data-elementor-lightbox-slideshow=\"55m3ncc\" data-e-action-hash=\"#elementor-action%3Aaction%3Dlightbox%26settings%3DeyJpZCI6IjM3IiwidXJsIjoiaHR0cHM6XC9cL2dsb2tpZW1pbWllY3plbS5wbFwvd3AtY29udGVudFwvdXBsb2Fkc1wvMjAyNlwvMDNcLzUxLmpwZyIsInNsaWRlc2hvdyI6IjU1bTNuY2MifQ%3D%3D\" href=\"https:\/\/glokiemimieczem.pl\/wp-content\/uploads\/2026\/03\/51.jpg\"><\/p>\n<figure><img decoding=\"async\" src=\"https:\/\/glokiemimieczem.pl\/wp-content\/uploads\/2026\/03\/51.jpg\" alt=\"51\" \/><\/figure>\n<p><a href=\"\/en\/url-to-page-to-be-translated\/\"><br \/>\n\t\t\t\t\t\t<svg aria-hidden=\"true\" viewbox=\"0 0 1000 1000\" xmlns=\"http:\/\/www.w3.org\/2000\/svg\"><path d=\"M646 125C629 125 613 133 604 142L308 442C296 454 292 471 292 487 292 504 296 521 308 533L604 854C617 867 629 875 646 875 663 875 679 871 692 858 704 846 713 829 713 812 713 796 708 779 692 767L438 487 692 225C700 217 708 204 708 187 708 171 704 154 692 142 675 129 663 125 646 125Z\"><\/path><\/svg><br \/>\n\t\t\t\t\t\t<svg aria-hidden=\"true\" viewbox=\"0 0 1000 1000\" xmlns=\"http:\/\/www.w3.org\/2000\/svg\"><path d=\"M696 533C708 521 713 504 713 487 713 471 708 454 696 446L400 146C388 133 375 125 354 125 338 125 325 129 313 142 300 154 292 171 292 187 292 204 296 221 308 233L563 492 304 771C292 783 288 800 288 817 288 833 296 850 308 863 321 871 338 875 354 875 371 875 388 867 400 854L696 533Z\"><\/path><\/svg>\t\t\t\t\t<\/p>\n<h2>Made in Israel<\/h2>\n<h3>Compact build and a purely combat pedigree \u2013 discover the innovative equipment trusted by the best operators in the Middle East.<\/h3>\n<p>OPTIONS FOR 1 PERSON:\n\nMade in Israel (\u00a3350):\n* 10 shots from Tavor X95 rifle\n* 10 shots from Micro Roni conversion\n* 10 shots from Jericho 941F pistol\n\nMade in Israel Plus (\u00a3550):\n* 20 shots from Tavor X95 rifle\n* 20 shots from Micro Roni conversion\n* 20 shots from Jericho 941F pistol\n\nMade in Israel Pro Max (\u00a3750):\n* 30 shots from Tavor X95 rifle\n* 30 shots from Micro Roni conversion\n* 30 shots from Jericho 941F pistol\n\nOPTION FOR 2 PEOPLE:\n\nMade in Israel for Two (\u00a3690):<br \/>20 shots from a Tavor X95 carbine (10 per person)<br \/>20 shots from Micro Roni conversion (10 per person)<br \/>20 shots from a Jericho 941F pistol (10 per person) OPTION FOR 3 PEOPLE: Made in Israel for Three (\u00a3980):<br \/>30 shots from a Tavor X95 carbine (10 per person)<br \/>30 shots from the Micro Roni conversion (10 per person)<br \/>30 shots from a Jericho 941F pistol (10 per person). The price for each option includes safety glasses, ear protection, targets, training on safety rules and weapon handling, and constant instructor supervision. The selected FIRING PACKAGE is for a specific number of people (one, two, or three). For safety and organisational reasons, each accompanying person present on the firing range will incur a fee of PLN 30 (payable on site).<\/p>\n<h2>Individual package<\/h2>\n<h3>Go and make a set of weapons that you will shoot with yourself!<\/h3>\n<p>How to create your own package:<br \/>1. Go to the OFFER tab at the top of our website and then click on OUR WEAPONS<br \/>2. Choose which models you would like to shoot and approximately how many shots you would like to take with the selected weapons<br \/>3. Call\/write to us and present the specimens of interest to you and the quantity of shots<br \/>We will prepare an individual quote for you<\/p>\n<p><a href=\"https:\/\/glokiemimieczem.pl\/en\/kontakt\/\">Contact us!<\/a><\/p>\n<p>\t\t\t\t\t\t\t\t<a data-elementor-open-lightbox=\"yes\" data-elementor-lightbox-slideshow=\"ugdeq9e\" data-e-action-hash=\"#elementor-action%3Aaction%3Dlightbox%26settings%3DeyJpZCI6IjM0IiwidXJsIjoiaHR0cHM6XC9cL2dsb2tpZW1pbWllY3plbS5wbFwvd3AtY29udGVudFwvdXBsb2Fkc1wvMjAyNlwvMDNcLzMwMGkwTy5qcGciLCJzbGlkZXNob3ciOiJ1Z2RlcTllIn0%3D\" href=\"https:\/\/glokiemimieczem.pl\/wp-content\/uploads\/2026\/03\/300i0O.jpg\"><\/p>\n<figure><img decoding=\"async\" src=\"https:\/\/glokiemimieczem.pl\/wp-content\/uploads\/2026\/03\/300i0O.jpg\" alt=\"300i0O\" \/><\/figure>\n<p><a href=\"\/en\/url-to-page-to-be-translated\/\">\t\t\t<\/p>\n<h2>Book an appointment today<\/h2>\n<h3>Shooting a firearm<\/h3>\n<p><a href=\"\/en\/rezerwacja\/\" title=\"booking, shooting with a firearm\">Booking an appointment<\/a>\t\t\t\t\t<\/p>\n<h2>See on the map<\/h2>\n<h3>Press and check directions<\/h3>\n<p><iframe src=\"https:\/\/www.google.com\/maps\/embed?pb=!1m18!1m12!1m3!1d2504.4777370866905!2d16.7271613!3d51.1180954!2m3!1f0!2f0!3f0!3m2!1i1024!2i768!4f13.1!3m3!1m2!1s0x470fbdfbaedfc693%3A0x1b18aa176ba45ae5!2sStrzelnica%20%C5%81ow%C4%99cice%20-%20Strefa%20Celu!5e0!3m2!1spl!2spl!4v1678886090914!5m2!1spl!2spl\" width=\"100%\" height=\"100%\" style=\"border:0;\" allowfullscreen=\"\" loading=\"lazy\" referrerpolicy=\"no-referrer-when-downgrade\"><\/iframe><\/p>","protected":false},"excerpt":{"rendered":"<p>Pakiety Pakiet Klasyk Trzy najs\u0142ynniejsze konstrukcje \u015bwiata z kt\u00f3rymi po prostu musisz si\u0119 zmierzy\u0107, by pozna\u0107 esencj\u0119 prawdziwego strzelectwa. \u200bOPCJE DLA 1 OSOBY\u00a0Klasyk (300z\u0142):10 strza\u0142\u00f3w z karabinka\u00a0 Beryl S76210 strza\u0142\u00f3w z karabinka AR1510 strza\u0142\u00f3w z pistoletu GLOCK 17\u00a0Klasyk Plus (450z\u0142):20 strza\u0142\u00f3w z karabinka\u00a0 Beryl S76220 strza\u0142\u00f3w z karabinka AR1520 strza\u0142\u00f3w z pistoletu GLOCK 17\u00a0Klasyk Pro [&hellip;]<\/p>\n","protected":false},"author":0,"featured_media":0,"parent":137,"menu_order":0,"comment_status":"closed","ping_status":"closed","template":"elementor_header_footer","meta":{"site-sidebar-layout":"default","site-content-layout":"","ast-site-content-layout":"default","site-content-style":"default","site-sidebar-style":"default","ast-global-header-display":"","ast-banner-title-visibility":"","ast-main-header-display":"","ast-hfb-above-header-display":"","ast-hfb-below-header-display":"","ast-hfb-mobile-header-display":"","site-post-title":"","ast-breadcrumbs-content":"","ast-featured-img":"","footer-sml-layout":"","ast-disable-related-posts":"","theme-transparent-header-meta":"","adv-header-id-meta":"","stick-header-meta":"","header-above-stick-meta":"","header-main-stick-meta":"","header-below-stick-meta":"","astra-migrate-meta-layouts":"default","ast-page-background-enabled":"default","ast-page-background-meta":{"desktop":{"background-color":"var(--ast-global-color-5)","background-image":"","background-repeat":"repeat","background-position":"center center","background-size":"auto","background-attachment":"scroll","background-type":"","background-media":"","overlay-type":"","overlay-color":"","overlay-opacity":"","overlay-gradient":""},"tablet":{"background-color":"","background-image":"","background-repeat":"repeat","background-position":"center center","background-size":"auto","background-attachment":"scroll","background-type":"","background-media":"","overlay-type":"","overlay-color":"","overlay-opacity":"","overlay-gradient":""},"mobile":{"background-color":"","background-image":"","background-repeat":"repeat","background-position":"center center","background-size":"auto","background-attachment":"scroll","background-type":"","background-media":"","overlay-type":"","overlay-color":"","overlay-opacity":"","overlay-gradient":""}},"ast-content-background-meta":{"desktop":{"background-color":"var(--ast-global-color-4)","background-image":"","background-repeat":"repeat","background-position":"center center","background-size":"auto","background-attachment":"scroll","background-type":"","background-media":"","overlay-type":"","overlay-color":"","overlay-opacity":"","overlay-gradient":""},"tablet":{"background-color":"var(--ast-global-color-4)","background-image":"","background-repeat":"repeat","background-position":"center center","background-size":"auto","background-attachment":"scroll","background-type":"","background-media":"","overlay-type":"","overlay-color":"","overlay-opacity":"","overlay-gradient":""},"mobile":{"background-color":"var(--ast-global-color-4)","background-image":"","background-repeat":"repeat","background-position":"center center","background-size":"auto","background-attachment":"scroll","background-type":"","background-media":"","overlay-type":"","overlay-color":"","overlay-opacity":"","overlay-gradient":""}},"footnotes":""},"class_list":["post-138","page","type-page","status-publish","hentry"],"_links":{"self":[{"href":"https:\/\/glokiemimieczem.pl\/en\/wp-json\/wp\/v2\/pages\/138","targetHints":{"allow":["GET"]}}],"collection":[{"href":"https:\/\/glokiemimieczem.pl\/en\/wp-json\/wp\/v2\/pages"}],"about":[{"href":"https:\/\/glokiemimieczem.pl\/en\/wp-json\/wp\/v2\/types\/page"}],"replies":[{"embeddable":true,"href":"https:\/\/glokiemimieczem.pl\/en\/wp-json\/wp\/v2\/comments?post=138"}],"version-history":[{"count":51,"href":"https:\/\/glokiemimieczem.pl\/en\/wp-json\/wp\/v2\/pages\/138\/revisions"}],"predecessor-version":[{"id":539,"href":"https:\/\/glokiemimieczem.pl\/en\/wp-json\/wp\/v2\/pages\/138\/revisions\/539"}],"up":[{"embeddable":true,"href":"https:\/\/glokiemimieczem.pl\/en\/wp-json\/wp\/v2\/pages\/137"}],"wp:attachment":[{"href":"https:\/\/glokiemimieczem.pl\/en\/wp-json\/wp\/v2\/media?parent=138"}],"curies":[{"name":"wp","href":"https:\/\/api.w.org\/{rel}","templated":true}]}}